{"id":746,"date":"2019-08-18T13:06:24","date_gmt":"2019-08-18T13:06:24","guid":{"rendered":"http:\/\/www.accs.pt\/accs\/?page_id=746"},"modified":"2019-08-31T23:34:53","modified_gmt":"2019-08-31T23:34:53","slug":"rampa-do-s-c-santacruzense-ic-publicidade-2019","status":"publish","type":"page","link":"https:\/\/www.accs.pt\/accs\/rampa-do-s-c-santacruzense-ic-publicidade-2019\/","title":{"rendered":"Rampa do S.C. Santacruzense &#8211; IC Publicidade 2019"},"content":{"rendered":"\n<figure class=\"wp-block-image\"><img loading=\"lazy\" decoding=\"async\" width=\"724\" height=\"1024\" src=\"http:\/\/www.accs.pt\/accs\/wp-content\/uploads\/2019\/08\/Rampa-SCS-2019_med-724x1024.jpg\" alt=\"\" class=\"wp-image-765\" srcset=\"https:\/\/www.accs.pt\/accs\/wp-content\/uploads\/2019\/08\/Rampa-SCS-2019_med-724x1024.jpg 724w, https:\/\/www.accs.pt\/accs\/wp-content\/uploads\/2019\/08\/Rampa-SCS-2019_med-212x300.jpg 212w, https:\/\/www.accs.pt\/accs\/wp-content\/uploads\/2019\/08\/Rampa-SCS-2019_med-768x1087.jpg 768w, https:\/\/www.accs.pt\/accs\/wp-content\/uploads\/2019\/08\/Rampa-SCS-2019_med.jpg 1000w\" sizes=\"auto, (max-width: 724px) 100vw, 724px\" \/><\/figure>\n\n\n\n<p>J\u00e1 se encontra dispon\u00edvel a seguinte documenta\u00e7\u00e3o : <\/p>\n\n\n\n<p><\/p>\n\n\n\n<p>Fichas de inscri\u00e7\u00e3o para a Rampa do S.C. Santacruzense:<\/p>\n\n\n\n<div class=\"wp-block-file\"><a href=\"http:\/\/www.accs.pt\/accs\/wp-content\/uploads\/2019\/08\/Boletim-Inscri\u00e7\u00e3o-TRRAMAK.pdf\">Boletim de Inscri\u00e7\u00e3o TRRAMAK<\/a><a href=\"http:\/\/www.accs.pt\/accs\/wp-content\/uploads\/2019\/08\/Boletim-Inscri\u00e7\u00e3o-TRRAMAK.pdf\" class=\"wp-block-file__button\" download>Descarregar<\/a><\/div>\n\n\n\n<div class=\"wp-block-file\"><a href=\"http:\/\/www.accs.pt\/accs\/wp-content\/uploads\/2019\/08\/Boletim-Inscri\u00e7\u00e3o-Regularidade-Sport.pdf\">Boletim de Inscri\u00e7\u00e3o Regularidade Sport<\/a><a href=\"http:\/\/www.accs.pt\/accs\/wp-content\/uploads\/2019\/08\/Boletim-Inscri\u00e7\u00e3o-Regularidade-Sport.pdf\" class=\"wp-block-file__button\" download>Descarregar<\/a><\/div>\n\n\n\n<div class=\"wp-block-file\"><a href=\"http:\/\/www.accs.pt\/accs\/wp-content\/uploads\/2019\/08\/Boletim-Inscri\u00e7\u00e3o-Regularidade-Hist\u00f3rica.pdf\">Boletim de Inscri\u00e7\u00e3o Regularidade Hist\u00f3rica<\/a><a href=\"http:\/\/www.accs.pt\/accs\/wp-content\/uploads\/2019\/08\/Boletim-Inscri\u00e7\u00e3o-Regularidade-Hist\u00f3rica.pdf\" class=\"wp-block-file__button\" download>Descarregar<\/a><\/div>\n\n\n\n<p><\/p>\n\n\n\n<p>Regulamento da prova:<\/p>\n\n\n\n<div class=\"wp-block-file\"><a href=\"http:\/\/www.accs.pt\/accs\/wp-content\/uploads\/2019\/08\/Regulamento-Rampa-SCS-2019_V3_2019-08-30T12h14m21.pdf\">Regulamento-Rampa-SCS-2019<\/a><a href=\"http:\/\/www.accs.pt\/accs\/wp-content\/uploads\/2019\/08\/Regulamento-Rampa-SCS-2019_V3_2019-08-30T12h14m21.pdf\" class=\"wp-block-file__button\" download>Descarregar<\/a><\/div>\n\n\n\n<p><\/p>\n\n\n\n<p>Programa:<\/p>\n\n\n\n<div class=\"wp-block-file\"><a href=\"http:\/\/www.accs.pt\/accs\/wp-content\/uploads\/2019\/08\/Rampa-SCS-Programa-2019-260819.pdf\">Rampa-SCS-Programa-2019<\/a><a href=\"http:\/\/www.accs.pt\/accs\/wp-content\/uploads\/2019\/08\/Rampa-SCS-Programa-2019-260819.pdf\" class=\"wp-block-file__button\" download>Descarregar<\/a><\/div>\n\n\n\n<p><\/p>\n\n\n\n<p>Encerramento de estradas:<\/p>\n\n\n\n<div class=\"wp-block-file\"><a href=\"http:\/\/www.accs.pt\/accs\/wp-content\/uploads\/2019\/08\/Rampa-SCS-Encerramento-Estradas-2019-230719.pdf\">Rampa-SCS-Encerramento-Estradas-2019<\/a><a href=\"http:\/\/www.accs.pt\/accs\/wp-content\/uploads\/2019\/08\/Rampa-SCS-Encerramento-Estradas-2019-230719.pdf\" class=\"wp-block-file__button\" download>Descarregar<\/a><\/div>\n","protected":false},"excerpt":{"rendered":"<div class=\"slide-text-bg2\">\n<h3>J\u00e1 se encontra dispon\u00edvel a seguinte documenta\u00e7\u00e3o : Fichas de inscri\u00e7\u00e3o para a Rampa do S.C. Santacruzense: Regulamento da prova:<\/h3>\n<\/div>\n<div class=\"flex-btn-div\"><a href=\"https:\/\/www.accs.pt\/accs\/rampa-do-s-c-santacruzense-ic-publicidade-2019\/\" class=\"btn1 flex-btn\">Ler mais<\/a><\/div>\n","protected":false},"author":1,"featured_media":0,"parent":0,"menu_order":0,"comment_status":"closed","ping_status":"closed","template":"","meta":{"footnotes":""},"class_list":["post-746","page","type-page","status-publish","hentry"],"_links":{"self":[{"href":"https:\/\/www.accs.pt\/accs\/wp-json\/wp\/v2\/pages\/746","targetHints":{"allow":["GET"]}}],"collection":[{"href":"https:\/\/www.accs.pt\/accs\/wp-json\/wp\/v2\/pages"}],"about":[{"href":"https:\/\/www.accs.pt\/accs\/wp-json\/wp\/v2\/types\/page"}],"author":[{"embeddable":true,"href":"https:\/\/www.accs.pt\/accs\/wp-json\/wp\/v2\/users\/1"}],"replies":[{"embeddable":true,"href":"https:\/\/www.accs.pt\/accs\/wp-json\/wp\/v2\/comments?post=746"}],"version-history":[{"count":2,"href":"https:\/\/www.accs.pt\/accs\/wp-json\/wp\/v2\/pages\/746\/revisions"}],"predecessor-version":[{"id":769,"href":"https:\/\/www.accs.pt\/accs\/wp-json\/wp\/v2\/pages\/746\/revisions\/769"}],"wp:attachment":[{"href":"https:\/\/www.accs.pt\/accs\/wp-json\/wp\/v2\/media?parent=746"}],"curies":[{"name":"wp","href":"https:\/\/api.w.org\/{rel}","templated":true}]}}