{"id":583,"date":"2018-10-27T15:39:10","date_gmt":"2018-10-27T15:39:10","guid":{"rendered":"http:\/\/www.accs.pt\/accs\/?page_id=583"},"modified":"2018-11-25T19:39:30","modified_gmt":"2018-11-25T19:39:30","slug":"raliribeirabrava","status":"publish","type":"page","link":"https:\/\/www.accs.pt\/accs\/raliribeirabrava\/","title":{"rendered":"Rali Ribeira Brava 2018"},"content":{"rendered":"\n<figure class=\"wp-block-image\"><a href=\"http:\/\/www.accs.pt\/accs\/wp-content\/uploads\/2018\/11\/Poster_Rali_1600.jpg\" target=\"_blank\" rel=\"noreferrer noopener\"><img loading=\"lazy\" decoding=\"async\" width=\"724\" height=\"1024\" src=\"http:\/\/www.accs.pt\/accs\/wp-content\/uploads\/2018\/11\/Poster_Rali_1600-724x1024.jpg\" alt=\"\" class=\"wp-image-634\" srcset=\"https:\/\/www.accs.pt\/accs\/wp-content\/uploads\/2018\/11\/Poster_Rali_1600-724x1024.jpg 724w, https:\/\/www.accs.pt\/accs\/wp-content\/uploads\/2018\/11\/Poster_Rali_1600-212x300.jpg 212w, https:\/\/www.accs.pt\/accs\/wp-content\/uploads\/2018\/11\/Poster_Rali_1600-768x1086.jpg 768w, https:\/\/www.accs.pt\/accs\/wp-content\/uploads\/2018\/11\/Poster_Rali_1600.jpg 1132w\" sizes=\"auto, (max-width: 724px) 100vw, 724px\" \/><\/a><\/figure>\n\n\n\n<p>J\u00e1 se encontram aprovados e dispon\u00edveis para download os seguintes documentos:<\/p>\n\n\n\n<div class=\"wp-block-file aligncenter\"><a href=\"http:\/\/www.accs.pt\/accs\/wp-content\/uploads\/2018\/10\/28419-regulamento_rali_ribeira_brava_v5.1_251018.pdf\">28419 &#8211; Regulamento Rali Ribeira Brava<\/a><a href=\"http:\/\/www.accs.pt\/accs\/wp-content\/uploads\/2018\/10\/28419-regulamento_rali_ribeira_brava_v5.1_251018.pdf\" class=\"wp-block-file__button\" download>Download<\/a><\/div>\n\n\n\n<div class=\"wp-block-file aligncenter\"><a href=\"http:\/\/www.accs.pt\/accs\/wp-content\/uploads\/2018\/10\/28420-rrb2018_ficha_inscricao_v1.pdf\">28420 &#8211; Rali Ribeira Brava &#8211; Ficha Inscri\u00e7\u00e3o<\/a><a href=\"http:\/\/www.accs.pt\/accs\/wp-content\/uploads\/2018\/10\/28420-rrb2018_ficha_inscricao_v1.pdf\" class=\"wp-block-file__button\" download>Download<\/a><\/div>\n\n\n\n<div class=\"wp-block-file aligncenter\"><a href=\"http:\/\/www.accs.pt\/accs\/wp-content\/uploads\/2018\/11\/28585-aditamento_no_1.pdf\">Aditamento n.\u00ba 1&nbsp; <br><\/a><a href=\"http:\/\/www.accs.pt\/accs\/wp-content\/uploads\/2018\/11\/28585-aditamento_no_1.pdf\" class=\"wp-block-file__button\" download>Download<\/a><\/div>\n\n\n\n<div class=\"wp-block-file aligncenter\"><a href=\"http:\/\/www.accs.pt\/accs\/wp-content\/uploads\/2018\/11\/CI-RibBrava2018v3Pub.pdf\">RoadBook&nbsp; <br><\/a><a href=\"http:\/\/www.accs.pt\/accs\/wp-content\/uploads\/2018\/11\/CI-RibBrava2018v3Pub.pdf\" class=\"wp-block-file__button\" download>Download<\/a><\/div>\n\n\n\n<div class=\"wp-block-file aligncenter\"><a href=\"http:\/\/www.accs.pt\/accs\/wp-content\/uploads\/2018\/11\/CIALT-RibBrava2018.pdf\">Roadbook Alternativo<br><\/a><a href=\"http:\/\/www.accs.pt\/accs\/wp-content\/uploads\/2018\/11\/CIALT-RibBrava2018.pdf\" class=\"wp-block-file__button\" download>Download<\/a><\/div>\n\n\n\n<div class=\"wp-block-file aligncenter\"><a href=\"http:\/\/www.accs.pt\/accs\/wp-content\/uploads\/2018\/11\/RRB2018-Percurso-Detalhado.pdf\">Percurso Detalhado<\/a><a href=\"http:\/\/www.accs.pt\/accs\/wp-content\/uploads\/2018\/11\/RRB2018-Percurso-Detalhado.pdf\" class=\"wp-block-file__button\" download>Download<\/a><\/div>\n\n\n\n<div class=\"wp-block-file aligncenter\"><a href=\"http:\/\/www.accs.pt\/accs\/wp-content\/uploads\/2018\/11\/28632-aditamento_no_2.pdf\">Aditamento n.\u00ba2<\/a><a href=\"http:\/\/www.accs.pt\/accs\/wp-content\/uploads\/2018\/11\/28632-aditamento_no_2.pdf\" class=\"wp-block-file__button\" download>Download<\/a><\/div>\n\n\n\n<div class=\"wp-block-file aligncenter\"><a href=\"http:\/\/www.accs.pt\/accs\/wp-content\/uploads\/2018\/11\/RRB2018_ENCERRAMENTO_ESTRADAS.pdf\">Encerramento estradas<br><\/a><a href=\"http:\/\/www.accs.pt\/accs\/wp-content\/uploads\/2018\/11\/RRB2018_ENCERRAMENTO_ESTRADAS.pdf\" class=\"wp-block-file__button\" download>Download<\/a><\/div>\n\n\n\n<p>Para conhecer melhor as v\u00e1rias PE <a href=\"http:\/\/www.accs.pt\/accs\/2018\/10\/29\/itinerario-rrb-2018\/\">poder\u00e1 visualizar os v\u00eddeos das mesmas.<\/a> <br><\/p>\n\n\n\n<figure class=\"wp-block-image\"><img loading=\"lazy\" decoding=\"async\" width=\"968\" height=\"460\" src=\"http:\/\/www.accs.pt\/accs\/wp-content\/uploads\/2018\/11\/2018-11-25_19h29_46.jpg\" alt=\"\" class=\"wp-image-675\" srcset=\"https:\/\/www.accs.pt\/accs\/wp-content\/uploads\/2018\/11\/2018-11-25_19h29_46.jpg 968w, https:\/\/www.accs.pt\/accs\/wp-content\/uploads\/2018\/11\/2018-11-25_19h29_46-300x143.jpg 300w, https:\/\/www.accs.pt\/accs\/wp-content\/uploads\/2018\/11\/2018-11-25_19h29_46-768x365.jpg 768w\" sizes=\"auto, (max-width: 968px) 100vw, 968px\" \/><\/figure>\n\n\n\n<figure class=\"wp-block-image\"><img loading=\"lazy\" decoding=\"async\" width=\"2500\" height=\"850\" src=\"http:\/\/www.accs.pt\/accs\/wp-content\/uploads\/2018\/10\/slider_accs_ralirb_2.jpg\" alt=\"\" class=\"wp-image-602\" srcset=\"https:\/\/www.accs.pt\/accs\/wp-content\/uploads\/2018\/10\/slider_accs_ralirb_2.jpg 2500w, https:\/\/www.accs.pt\/accs\/wp-content\/uploads\/2018\/10\/slider_accs_ralirb_2-300x102.jpg 300w, https:\/\/www.accs.pt\/accs\/wp-content\/uploads\/2018\/10\/slider_accs_ralirb_2-768x261.jpg 768w, https:\/\/www.accs.pt\/accs\/wp-content\/uploads\/2018\/10\/slider_accs_ralirb_2-1024x348.jpg 1024w\" sizes=\"auto, (max-width: 2500px) 100vw, 2500px\" \/><\/figure>\n\n\n\n<figure class=\"wp-block-image\"><img loading=\"lazy\" decoding=\"async\" width=\"967\" height=\"457\" src=\"http:\/\/www.accs.pt\/accs\/wp-content\/uploads\/2018\/11\/2018-11-25_19h27_28.jpg\" alt=\"\" class=\"wp-image-673\" srcset=\"https:\/\/www.accs.pt\/accs\/wp-content\/uploads\/2018\/11\/2018-11-25_19h27_28.jpg 967w, https:\/\/www.accs.pt\/accs\/wp-content\/uploads\/2018\/11\/2018-11-25_19h27_28-300x142.jpg 300w, https:\/\/www.accs.pt\/accs\/wp-content\/uploads\/2018\/11\/2018-11-25_19h27_28-768x363.jpg 768w\" sizes=\"auto, (max-width: 967px) 100vw, 967px\" \/><\/figure>\n\n\n\n<figure class=\"wp-block-image\"><img loading=\"lazy\" decoding=\"async\" width=\"966\" height=\"351\" src=\"http:\/\/www.accs.pt\/accs\/wp-content\/uploads\/2018\/11\/2018-11-25_19h28_46.jpg\" alt=\"\" class=\"wp-image-674\" srcset=\"https:\/\/www.accs.pt\/accs\/wp-content\/uploads\/2018\/11\/2018-11-25_19h28_46.jpg 966w, https:\/\/www.accs.pt\/accs\/wp-content\/uploads\/2018\/11\/2018-11-25_19h28_46-300x109.jpg 300w, https:\/\/www.accs.pt\/accs\/wp-content\/uploads\/2018\/11\/2018-11-25_19h28_46-768x279.jpg 768w\" sizes=\"auto, (max-width: 966px) 100vw, 966px\" \/><\/figure>\n","protected":false},"excerpt":{"rendered":"<div class=\"slide-text-bg2\">\n<h3>J\u00e1 se encontram aprovados e dispon\u00edveis para download os seguintes documentos: Para conhecer melhor as v\u00e1rias PE poder\u00e1 visualizar os<\/h3>\n<\/div>\n<div class=\"flex-btn-div\"><a href=\"https:\/\/www.accs.pt\/accs\/raliribeirabrava\/\" class=\"btn1 flex-btn\">Ler mais<\/a><\/div>\n","protected":false},"author":1,"featured_media":0,"parent":0,"menu_order":0,"comment_status":"closed","ping_status":"closed","template":"","meta":{"footnotes":""},"class_list":["post-583","page","type-page","status-publish","hentry"],"_links":{"self":[{"href":"https:\/\/www.accs.pt\/accs\/wp-json\/wp\/v2\/pages\/583","targetHints":{"allow":["GET"]}}],"collection":[{"href":"https:\/\/www.accs.pt\/accs\/wp-json\/wp\/v2\/pages"}],"about":[{"href":"https:\/\/www.accs.pt\/accs\/wp-json\/wp\/v2\/types\/page"}],"author":[{"embeddable":true,"href":"https:\/\/www.accs.pt\/accs\/wp-json\/wp\/v2\/users\/1"}],"replies":[{"embeddable":true,"href":"https:\/\/www.accs.pt\/accs\/wp-json\/wp\/v2\/comments?post=583"}],"version-history":[{"count":17,"href":"https:\/\/www.accs.pt\/accs\/wp-json\/wp\/v2\/pages\/583\/revisions"}],"predecessor-version":[{"id":676,"href":"https:\/\/www.accs.pt\/accs\/wp-json\/wp\/v2\/pages\/583\/revisions\/676"}],"wp:attachment":[{"href":"https:\/\/www.accs.pt\/accs\/wp-json\/wp\/v2\/media?parent=583"}],"curies":[{"name":"wp","href":"https:\/\/api.w.org\/{rel}","templated":true}]}}