{"id":28,"date":"2018-03-28T22:19:26","date_gmt":"2018-03-28T22:19:26","guid":{"rendered":"http:\/\/accs.pt\/accs\/?page_id=28"},"modified":"2018-03-29T10:53:23","modified_gmt":"2018-03-29T10:53:23","slug":"socios-fundadores","status":"publish","type":"page","link":"https:\/\/www.accs.pt\/accs\/socios-fundadores\/","title":{"rendered":"S\u00f3cios Fundadores"},"content":{"rendered":"<p style=\"text-align: center;\"><b>CONSTITUI\u00c7\u00c3O<\/b><\/p>\n<p style=\"text-align: center;\">LISTA FINAL DE ASSOCIADOS FUNDADORES<br \/>\nACCS &#8211; AUTOM\u00d3VEL CLUBE CONCELHO SANTACRUZ<\/p>\n<blockquote>\n<p style=\"padding-left: 60px;\">1. \u00c2ngelo de Freitas Nunes<\/p>\n<p style=\"padding-left: 60px;\">2. Ant\u00f3nio Miguel Gon\u00e7alves Ara\u00fajo Sol<\/p>\n<p style=\"padding-left: 60px;\">3. Arlindo Gil Pereira<\/p>\n<p style=\"padding-left: 60px;\">4. Carlos Alberto Pereira de Aguiar<\/p>\n<p style=\"padding-left: 60px;\">5. Carlos Maria da Silva<\/p>\n<p style=\"padding-left: 60px;\">6. Deodato Ant\u00f3nio Manso Cardoso de Freitas<\/p>\n<p style=\"padding-left: 60px;\">7. Duarte Nuno Carvalho de Abreu<\/p>\n<p style=\"padding-left: 60px;\">8. Edite Pestana Rocha Alves<\/p>\n<p style=\"padding-left: 60px;\">9. Fernanda Laura Correia de N\u00f3brega<\/p>\n<p style=\"padding-left: 60px;\">10. Fernando Nuno Masc\u00f4to Sp\u00ednola<\/p>\n<p style=\"padding-left: 60px;\">11. Francisco Jos\u00e9 Martins de Mota<\/p>\n<p style=\"padding-left: 60px;\">12. Francisco Manuel Fidalgo Sottomayor Tavares<\/p>\n<p style=\"padding-left: 60px;\">13. Francisco Paulo Rodrigues Teixeira<\/p>\n<p style=\"padding-left: 60px;\">14. Frederico S\u00e9rgio Correia de N\u00f3brega Freitas Teixeira<\/p>\n<p style=\"padding-left: 60px;\">15. George Pascal Pierre<\/p>\n<p style=\"padding-left: 60px;\">16. Jo\u00e3o C\u00e9sar Teixeira Alves<\/p>\n<p style=\"padding-left: 60px;\">17. Jo\u00e3o Lu\u00eds de Freitas Madruga<\/p>\n<p style=\"padding-left: 60px;\">18. Jo\u00e3o Paulo da Costa Pedroso Botas<\/p>\n<p style=\"padding-left: 60px;\">19. Jo\u00e3o Pedro Barreto de Sousa<\/p>\n<p style=\"padding-left: 60px;\">20. Jo\u00e3o Ant\u00f3nio de Almeida Pupo Correia<\/p>\n<p style=\"padding-left: 60px;\">21. Jos\u00e9 Ant\u00f3nio da Silva Freitas<\/p>\n<p style=\"padding-left: 60px;\">22. Jos\u00e9 Filipe Barreto de Sousa<\/p>\n<p style=\"padding-left: 60px;\">23. Jos\u00e9 Lu\u00eds Ornelas de Vasconcelos Alves<\/p>\n<p style=\"padding-left: 60px;\">24. Lu\u00eds Gabriel Andrade Rodrigues<\/p>\n<p style=\"padding-left: 60px;\">25. Lu\u00eds Nuno Fran\u00e7a Andrade Rodrigues<\/p>\n<p style=\"padding-left: 60px;\">26. Manuel Saturnino Baptista de Sousa<\/p>\n<p style=\"padding-left: 60px;\">27. Maria Gorete Silva<\/p>\n<p style=\"padding-left: 60px;\">28. Paulo Bas\u00edlio Teixeira Rodrigues<\/p>\n<p style=\"padding-left: 60px;\">29. Roberto Lu\u00eds Gouveia Matos<\/p>\n<p style=\"padding-left: 60px;\">30. Virg\u00edlio N\u00f3brega<\/p>\n<p style=\"padding-left: 60px;\">31. Afonso Telmo Teixeira de Abreu<\/p>\n<p style=\"padding-left: 60px;\">32. Jos\u00e9 Lu\u00eds Pinto Camacho<\/p>\n<p style=\"padding-left: 60px;\">33. \u00d3scar An\u00edbal Amaro Ribeiro Rodrigues<\/p>\n<p style=\"padding-left: 60px;\">34. Jorge Manuel de N\u00f3brega Gon\u00e7alves<\/p>\n<p style=\"padding-left: 60px;\">35. Jos\u00e9 Silvestre de Freitas<\/p>\n<p style=\"padding-left: 60px;\">36. Jos\u00e9 Laurentino Gon\u00e7alves Correia<\/p>\n<p style=\"padding-left: 60px;\">37. Pedro Miguel Amaro Bettencourt Calado<\/p>\n<p style=\"padding-left: 60px;\">38. Jos\u00e9 Paulo Baptista Fontes<\/p>\n<p style=\"padding-left: 60px;\">39. Associa\u00e7\u00e3o Desportiva da Camacha<\/p>\n<\/blockquote>\n","protected":false},"excerpt":{"rendered":"<div class=\"slide-text-bg2\">\n<h3>CONSTITUI\u00c7\u00c3O LISTA FINAL DE ASSOCIADOS FUNDADORES ACCS &#8211; AUTOM\u00d3VEL CLUBE CONCELHO SANTACRUZ 1. \u00c2ngelo de Freitas Nunes 2. Ant\u00f3nio Miguel<\/h3>\n<\/div>\n<div class=\"flex-btn-div\"><a href=\"https:\/\/www.accs.pt\/accs\/socios-fundadores\/\" class=\"btn1 flex-btn\">Ler mais<\/a><\/div>\n","protected":false},"author":1,"featured_media":0,"parent":0,"menu_order":0,"comment_status":"closed","ping_status":"closed","template":"","meta":{"footnotes":""},"class_list":["post-28","page","type-page","status-publish","hentry"],"_links":{"self":[{"href":"https:\/\/www.accs.pt\/accs\/wp-json\/wp\/v2\/pages\/28","targetHints":{"allow":["GET"]}}],"collection":[{"href":"https:\/\/www.accs.pt\/accs\/wp-json\/wp\/v2\/pages"}],"about":[{"href":"https:\/\/www.accs.pt\/accs\/wp-json\/wp\/v2\/types\/page"}],"author":[{"embeddable":true,"href":"https:\/\/www.accs.pt\/accs\/wp-json\/wp\/v2\/users\/1"}],"replies":[{"embeddable":true,"href":"https:\/\/www.accs.pt\/accs\/wp-json\/wp\/v2\/comments?post=28"}],"version-history":[{"count":3,"href":"https:\/\/www.accs.pt\/accs\/wp-json\/wp\/v2\/pages\/28\/revisions"}],"predecessor-version":[{"id":34,"href":"https:\/\/www.accs.pt\/accs\/wp-json\/wp\/v2\/pages\/28\/revisions\/34"}],"wp:attachment":[{"href":"https:\/\/www.accs.pt\/accs\/wp-json\/wp\/v2\/media?parent=28"}],"curies":[{"name":"wp","href":"https:\/\/api.w.org\/{rel}","templated":true}]}}