{"id":26,"date":"2018-03-25T23:15:36","date_gmt":"2018-03-25T23:15:36","guid":{"rendered":"http:\/\/accs.pt\/accs\/?page_id=26"},"modified":"2018-03-25T23:15:36","modified_gmt":"2018-03-25T23:15:36","slug":"origens","status":"publish","type":"page","link":"https:\/\/www.accs.pt\/accs\/origens\/","title":{"rendered":"Origens"},"content":{"rendered":"<p><strong>Nossa Hist\u00f3ria\u00a0<\/strong><\/p>\n<p>O Autom\u00f3vel Clube Concelho de Santa Cruz nasce a 02 de Dezembro de 2009 com a jun\u00e7\u00e3o entre as sec\u00e7\u00f5es de Automobilismo do Sporting Clube Santacruzense e Associa\u00e7\u00e3o Desportiva da Camacha.Conscientes das dificuldades criadas pelo atual panorama crise em, cada uma por si, manter a elevada qualidade organizativa que era apan\u00e1gio das suas provas, e tamb\u00e9m do elevado esfor\u00e7o que representava para o Munic\u00edpio apoiar dois eventos com a dimens\u00e3o do Rali da Camacha e do Rali de Santa Cruz, optou-se por juntar esfor\u00e7os, meios e sinergias.<\/p>\n<p>O objetivo foi o de criar condi\u00e7\u00f5es para que o Concelho de Santa Cruz continuasse a ser uma refer\u00eancia em termos automobil\u00edsticos, onde foi pioneiro, reduzindo os encargos e, consequentemente, o esfor\u00e7o financeiro pedido a todas as entidades envolvidas, a come\u00e7ar pela pr\u00f3pria autarquia.\u00a0Com quase tr\u00eas d\u00e9cadas de hist\u00f3ria na organiza\u00e7\u00e3o de provas automobil\u00edsticas, Santacruzense e Camacha foram capazes de deixar de lado o orgulho e a vaidade de, cada um por si, organizar um grande Rali, cada um deles prova desportiva de refer\u00eancia e grande ve\u00edculo de promo\u00e7\u00e3o do Concelho, para, em conjunto, assumir um projecto de interesse comum, mantendo intocados os objectivos desportivos e de promo\u00e7\u00e3o do Munic\u00edpio, mas com redu\u00e7\u00e3o substancial de custos.<\/p>\n<p><strong>Nosso Objetivo\u00a0<\/strong><\/p>\n<p>O Autom\u00f3vel Clube Concelho de Santa Cruz tem como objetivo fomentar e promover os desportos motorizados.<\/p>\n","protected":false},"excerpt":{"rendered":"<div class=\"slide-text-bg2\">\n<h3>Nossa Hist\u00f3ria\u00a0 O Autom\u00f3vel Clube Concelho de Santa Cruz nasce a 02 de Dezembro de 2009 com a jun\u00e7\u00e3o entre<\/h3>\n<\/div>\n<div class=\"flex-btn-div\"><a href=\"https:\/\/www.accs.pt\/accs\/origens\/\" class=\"btn1 flex-btn\">Ler mais<\/a><\/div>\n","protected":false},"author":1,"featured_media":0,"parent":0,"menu_order":0,"comment_status":"closed","ping_status":"closed","template":"","meta":{"footnotes":""},"class_list":["post-26","page","type-page","status-publish","hentry"],"_links":{"self":[{"href":"https:\/\/www.accs.pt\/accs\/wp-json\/wp\/v2\/pages\/26","targetHints":{"allow":["GET"]}}],"collection":[{"href":"https:\/\/www.accs.pt\/accs\/wp-json\/wp\/v2\/pages"}],"about":[{"href":"https:\/\/www.accs.pt\/accs\/wp-json\/wp\/v2\/types\/page"}],"author":[{"embeddable":true,"href":"https:\/\/www.accs.pt\/accs\/wp-json\/wp\/v2\/users\/1"}],"replies":[{"embeddable":true,"href":"https:\/\/www.accs.pt\/accs\/wp-json\/wp\/v2\/comments?post=26"}],"version-history":[{"count":1,"href":"https:\/\/www.accs.pt\/accs\/wp-json\/wp\/v2\/pages\/26\/revisions"}],"predecessor-version":[{"id":27,"href":"https:\/\/www.accs.pt\/accs\/wp-json\/wp\/v2\/pages\/26\/revisions\/27"}],"wp:attachment":[{"href":"https:\/\/www.accs.pt\/accs\/wp-json\/wp\/v2\/media?parent=26"}],"curies":[{"name":"wp","href":"https:\/\/api.w.org\/{rel}","templated":true}]}}