{"id":183,"date":"2018-04-09T21:51:09","date_gmt":"2018-04-09T21:51:09","guid":{"rendered":"http:\/\/accs.pt\/accs\/?page_id=183"},"modified":"2018-04-10T20:50:24","modified_gmt":"2018-04-10T20:50:24","slug":"mapas-das-classificativas","status":"publish","type":"page","link":"https:\/\/www.accs.pt\/accs\/mapas-das-classificativas\/","title":{"rendered":"Mapas das Classificativas"},"content":{"rendered":"<p><img loading=\"lazy\" decoding=\"async\" class=\"aligncenter wp-image-154 size-full\" src=\"http:\/\/accs.pt\/accs\/wp-content\/uploads\/2018\/04\/slider_accs_rpsl_xx.jpg\" alt=\"\" width=\"2500\" height=\"850\" srcset=\"https:\/\/www.accs.pt\/accs\/wp-content\/uploads\/2018\/04\/slider_accs_rpsl_xx.jpg 2500w, https:\/\/www.accs.pt\/accs\/wp-content\/uploads\/2018\/04\/slider_accs_rpsl_xx-300x102.jpg 300w, https:\/\/www.accs.pt\/accs\/wp-content\/uploads\/2018\/04\/slider_accs_rpsl_xx-768x261.jpg 768w, https:\/\/www.accs.pt\/accs\/wp-content\/uploads\/2018\/04\/slider_accs_rpsl_xx-1024x348.jpg 1024w\" sizes=\"auto, (max-width: 2500px) 100vw, 2500px\" \/><\/p>\n<p>Mapas do XX Rali Porto Santo Line:<\/p>\n<blockquote>\n<ul>\n<li><em><strong>Geral<\/strong><\/em><\/li>\n<\/ul>\n<p><a href=\"http:\/\/accs.pt\/accs\/wp-content\/uploads\/2018\/04\/XX-PSL.jpg\" target=\"_blank\" rel=\"noopener\"><img loading=\"lazy\" decoding=\"async\" class=\"size-medium wp-image-214 aligncenter\" src=\"http:\/\/accs.pt\/accs\/wp-content\/uploads\/2018\/04\/XX-PSL-300x154.jpg\" alt=\"\" width=\"300\" height=\"154\" srcset=\"https:\/\/www.accs.pt\/accs\/wp-content\/uploads\/2018\/04\/XX-PSL-300x154.jpg 300w, https:\/\/www.accs.pt\/accs\/wp-content\/uploads\/2018\/04\/XX-PSL-768x393.jpg 768w, https:\/\/www.accs.pt\/accs\/wp-content\/uploads\/2018\/04\/XX-PSL-1024x524.jpg 1024w, https:\/\/www.accs.pt\/accs\/wp-content\/uploads\/2018\/04\/XX-PSL.jpg 1920w\" sizes=\"auto, (max-width: 300px) 100vw, 300px\" \/><\/a><\/p><\/blockquote>\n<p>&nbsp;<\/p>\n<blockquote>\n<ul>\n<li><strong><em>Sec\u00e7\u00e3o 1 &#8211; PE 1<\/em><\/strong><\/li>\n<\/ul>\n<p><a href=\"http:\/\/accs.pt\/accs\/wp-content\/uploads\/2018\/04\/sec1.jpg\" target=\"_blank\" rel=\"noopener\"><img loading=\"lazy\" decoding=\"async\" class=\"size-medium wp-image-211 aligncenter\" src=\"http:\/\/accs.pt\/accs\/wp-content\/uploads\/2018\/04\/sec1-300x154.jpg\" alt=\"\" width=\"300\" height=\"154\" srcset=\"https:\/\/www.accs.pt\/accs\/wp-content\/uploads\/2018\/04\/sec1-300x154.jpg 300w, https:\/\/www.accs.pt\/accs\/wp-content\/uploads\/2018\/04\/sec1-768x393.jpg 768w, https:\/\/www.accs.pt\/accs\/wp-content\/uploads\/2018\/04\/sec1-1024x524.jpg 1024w, https:\/\/www.accs.pt\/accs\/wp-content\/uploads\/2018\/04\/sec1.jpg 1920w\" sizes=\"auto, (max-width: 300px) 100vw, 300px\" \/><\/a><\/p><\/blockquote>\n<p>&nbsp;<\/p>\n<blockquote>\n<ul>\n<li><em><strong>Sec\u00e7\u00e3o 2 &#8211; PE2, PE3 e PE4<\/strong><\/em><\/li>\n<\/ul>\n<p><a href=\"http:\/\/accs.pt\/accs\/wp-content\/uploads\/2018\/04\/sec2.jpg\" target=\"_blank\" rel=\"noopener\"><img loading=\"lazy\" decoding=\"async\" class=\"size-medium wp-image-212 aligncenter\" src=\"http:\/\/accs.pt\/accs\/wp-content\/uploads\/2018\/04\/sec2-300x154.jpg\" alt=\"\" width=\"300\" height=\"154\" srcset=\"https:\/\/www.accs.pt\/accs\/wp-content\/uploads\/2018\/04\/sec2-300x154.jpg 300w, https:\/\/www.accs.pt\/accs\/wp-content\/uploads\/2018\/04\/sec2-768x393.jpg 768w, https:\/\/www.accs.pt\/accs\/wp-content\/uploads\/2018\/04\/sec2-1024x524.jpg 1024w, https:\/\/www.accs.pt\/accs\/wp-content\/uploads\/2018\/04\/sec2.jpg 1920w\" sizes=\"auto, (max-width: 300px) 100vw, 300px\" \/><\/a><a href=\"http:\/\/accs.pt\/accs\/wp-content\/uploads\/2018\/04\/PE234.jpg\" target=\"_blank\" rel=\"noopener\"><img loading=\"lazy\" decoding=\"async\" class=\"size-medium wp-image-209 aligncenter\" src=\"http:\/\/accs.pt\/accs\/wp-content\/uploads\/2018\/04\/PE234-300x154.jpg\" alt=\"\" width=\"300\" height=\"154\" srcset=\"https:\/\/www.accs.pt\/accs\/wp-content\/uploads\/2018\/04\/PE234-300x154.jpg 300w, https:\/\/www.accs.pt\/accs\/wp-content\/uploads\/2018\/04\/PE234-768x393.jpg 768w, https:\/\/www.accs.pt\/accs\/wp-content\/uploads\/2018\/04\/PE234-1024x524.jpg 1024w, https:\/\/www.accs.pt\/accs\/wp-content\/uploads\/2018\/04\/PE234.jpg 1920w\" sizes=\"auto, (max-width: 300px) 100vw, 300px\" \/><\/a><\/p><\/blockquote>\n<p>&nbsp;<\/p>\n<blockquote>\n<ul>\n<li><em><strong>Sec\u00e7\u00e3o 3 &#8211; PE5, PE6 e PE7<\/strong><\/em><\/li>\n<\/ul>\n<p><a href=\"http:\/\/accs.pt\/accs\/wp-content\/uploads\/2018\/04\/sec3.jpg\" target=\"_blank\" rel=\"noopener\"><img loading=\"lazy\" decoding=\"async\" class=\"size-medium wp-image-213 aligncenter\" src=\"http:\/\/accs.pt\/accs\/wp-content\/uploads\/2018\/04\/sec3-300x154.jpg\" alt=\"\" width=\"300\" height=\"154\" srcset=\"https:\/\/www.accs.pt\/accs\/wp-content\/uploads\/2018\/04\/sec3-300x154.jpg 300w, https:\/\/www.accs.pt\/accs\/wp-content\/uploads\/2018\/04\/sec3-768x393.jpg 768w, https:\/\/www.accs.pt\/accs\/wp-content\/uploads\/2018\/04\/sec3-1024x524.jpg 1024w, https:\/\/www.accs.pt\/accs\/wp-content\/uploads\/2018\/04\/sec3.jpg 1920w\" sizes=\"auto, (max-width: 300px) 100vw, 300px\" \/><\/a><a href=\"http:\/\/accs.pt\/accs\/wp-content\/uploads\/2018\/04\/PE567.jpg\" target=\"_blank\" rel=\"noopener\"><img loading=\"lazy\" decoding=\"async\" class=\"size-medium wp-image-210 aligncenter\" src=\"http:\/\/accs.pt\/accs\/wp-content\/uploads\/2018\/04\/PE567-300x154.jpg\" alt=\"\" width=\"300\" height=\"154\" srcset=\"https:\/\/www.accs.pt\/accs\/wp-content\/uploads\/2018\/04\/PE567-300x154.jpg 300w, https:\/\/www.accs.pt\/accs\/wp-content\/uploads\/2018\/04\/PE567-768x393.jpg 768w, https:\/\/www.accs.pt\/accs\/wp-content\/uploads\/2018\/04\/PE567-1024x524.jpg 1024w, https:\/\/www.accs.pt\/accs\/wp-content\/uploads\/2018\/04\/PE567.jpg 1920w\" sizes=\"auto, (max-width: 300px) 100vw, 300px\" \/><\/a><\/p><\/blockquote>\n<p>&nbsp;<\/p>\n<blockquote><p><em><strong>Itiner\u00e1rios Alternativos<\/strong><\/em><\/p>\n<p><a href=\"http:\/\/accs.pt\/accs\/wp-content\/uploads\/2018\/04\/Itinerarios_Alternativos.jpg\" target=\"_blank\" rel=\"noopener\"><img loading=\"lazy\" decoding=\"async\" class=\"size-medium wp-image-228 aligncenter\" src=\"http:\/\/accs.pt\/accs\/wp-content\/uploads\/2018\/04\/Itinerarios_Alternativos-300x149.jpg\" alt=\"\" width=\"300\" height=\"149\" srcset=\"https:\/\/www.accs.pt\/accs\/wp-content\/uploads\/2018\/04\/Itinerarios_Alternativos-300x149.jpg 300w, https:\/\/www.accs.pt\/accs\/wp-content\/uploads\/2018\/04\/Itinerarios_Alternativos-768x382.jpg 768w, https:\/\/www.accs.pt\/accs\/wp-content\/uploads\/2018\/04\/Itinerarios_Alternativos-1024x509.jpg 1024w, https:\/\/www.accs.pt\/accs\/wp-content\/uploads\/2018\/04\/Itinerarios_Alternativos.jpg 1920w\" sizes=\"auto, (max-width: 300px) 100vw, 300px\" \/><\/a><\/p><\/blockquote>\n<p>&nbsp;<\/p>\n","protected":false},"excerpt":{"rendered":"<div class=\"slide-text-bg2\">\n<h3>Mapas do XX Rali Porto Santo Line: Geral &nbsp; Sec\u00e7\u00e3o 1 &#8211; PE 1 &nbsp; Sec\u00e7\u00e3o 2 &#8211; PE2, PE3<\/h3>\n<\/div>\n<div class=\"flex-btn-div\"><a href=\"https:\/\/www.accs.pt\/accs\/mapas-das-classificativas\/\" class=\"btn1 flex-btn\">Ler mais<\/a><\/div>\n","protected":false},"author":2,"featured_media":0,"parent":0,"menu_order":0,"comment_status":"closed","ping_status":"closed","template":"","meta":{"footnotes":""},"class_list":["post-183","page","type-page","status-publish","hentry"],"_links":{"self":[{"href":"https:\/\/www.accs.pt\/accs\/wp-json\/wp\/v2\/pages\/183","targetHints":{"allow":["GET"]}}],"collection":[{"href":"https:\/\/www.accs.pt\/accs\/wp-json\/wp\/v2\/pages"}],"about":[{"href":"https:\/\/www.accs.pt\/accs\/wp-json\/wp\/v2\/types\/page"}],"author":[{"embeddable":true,"href":"https:\/\/www.accs.pt\/accs\/wp-json\/wp\/v2\/users\/2"}],"replies":[{"embeddable":true,"href":"https:\/\/www.accs.pt\/accs\/wp-json\/wp\/v2\/comments?post=183"}],"version-history":[{"count":9,"href":"https:\/\/www.accs.pt\/accs\/wp-json\/wp\/v2\/pages\/183\/revisions"}],"predecessor-version":[{"id":232,"href":"https:\/\/www.accs.pt\/accs\/wp-json\/wp\/v2\/pages\/183\/revisions\/232"}],"wp:attachment":[{"href":"https:\/\/www.accs.pt\/accs\/wp-json\/wp\/v2\/media?parent=183"}],"curies":[{"name":"wp","href":"https:\/\/api.w.org\/{rel}","templated":true}]}}