{"id":1776,"date":"2026-05-02T21:52:08","date_gmt":"2026-05-02T21:52:08","guid":{"rendered":"https:\/\/www.accs.pt\/accs\/?page_id=1776"},"modified":"2026-05-02T21:52:09","modified_gmt":"2026-05-02T21:52:09","slug":"rali-da-ribeira-brava-2026","status":"publish","type":"page","link":"https:\/\/www.accs.pt\/accs\/rali-da-ribeira-brava-2026\/","title":{"rendered":"Rali da Ribeira Brava 2026"},"content":{"rendered":"\n<figure class=\"wp-block-image size-full\"><img loading=\"lazy\" decoding=\"async\" width=\"1011\" height=\"658\" src=\"https:\/\/www.accs.pt\/accs\/wp-content\/uploads\/2026\/05\/logo_ribeirabrava2026_transparente-crop.jpg\" alt=\"\" class=\"wp-image-1777\" srcset=\"https:\/\/www.accs.pt\/accs\/wp-content\/uploads\/2026\/05\/logo_ribeirabrava2026_transparente-crop.jpg 1011w, https:\/\/www.accs.pt\/accs\/wp-content\/uploads\/2026\/05\/logo_ribeirabrava2026_transparente-crop-300x195.jpg 300w, https:\/\/www.accs.pt\/accs\/wp-content\/uploads\/2026\/05\/logo_ribeirabrava2026_transparente-crop-768x500.jpg 768w\" sizes=\"auto, (max-width: 1011px) 100vw, 1011px\" \/><\/figure>\n\n\n\n<p><\/p>\n\n\n\n<p>Aqui poder\u00e1 encontrar toda a informa\u00e7\u00e3o referente ao Rali da Ribeira Brava 2026.<br>Em alternativa poder\u00e1 consultar o sitio da FPAK sobre a prova <a href=\"https:\/\/www.fpak.pt\/index.php\/calendario\/2026-06-12-rali-da-ribeira-brava\">https:\/\/www.fpak.pt\/index.php\/calendario\/2026-06-12-rali-da-ribeira-brava<\/a><\/p>\n\n\n\n<p><\/p>\n\n\n\n<p>O Regulamento particular da prova j\u00e1 se encontra aprovado pela FPAK e pode ser consultado aqui:<\/p>\n\n\n\n<div data-wp-interactive=\"core\/file\" class=\"wp-block-file\"><object data-wp-bind--hidden=\"!state.hasPdfPreview\" hidden class=\"wp-block-file__embed\" data=\"https:\/\/www.accs.pt\/accs\/wp-content\/uploads\/2026\/05\/Regulamento-Rali-Ribeira-Brava-2026_Aprovado_2026-04-27T11h58m50.pdf\" type=\"application\/pdf\" style=\"width:100%;height:600px\" aria-label=\"Incorpora\u00e7\u00e3o de Regulamento Rali Ribeira Brava 2026_Aprovado_2026-04-27T11h58m50.\"><\/object><a id=\"wp-block-file--media-aef2c43c-0d70-43b6-b566-e8d58ad7cbd6\" href=\"https:\/\/www.accs.pt\/accs\/wp-content\/uploads\/2026\/05\/Regulamento-Rali-Ribeira-Brava-2026_Aprovado_2026-04-27T11h58m50.pdf\">Regulamento Rali Ribeira Brava 2026_Aprovado_2026-04-27T11h58m50<\/a><a href=\"https:\/\/www.accs.pt\/accs\/wp-content\/uploads\/2026\/05\/Regulamento-Rali-Ribeira-Brava-2026_Aprovado_2026-04-27T11h58m50.pdf\" class=\"wp-block-file__button wp-element-button\" download aria-describedby=\"wp-block-file--media-aef2c43c-0d70-43b6-b566-e8d58ad7cbd6\">Descarregar<\/a><\/div>\n\n\n\n<p>Mapa de Controlos:<\/p>\n\n\n\n<div data-wp-interactive=\"core\/file\" class=\"wp-block-file\"><object data-wp-bind--hidden=\"!state.hasPdfPreview\" hidden class=\"wp-block-file__embed\" data=\"https:\/\/www.accs.pt\/accs\/wp-content\/uploads\/2026\/05\/ANEXO-I-Mapa-de-Controlos_2026-04-29T11h02m29.pdf\" type=\"application\/pdf\" style=\"width:100%;height:600px\" aria-label=\"Incorpora\u00e7\u00e3o de ANEXO I Mapa de Controlos_2026-04-29T11h02m29.\"><\/object><a id=\"wp-block-file--media-3ce879fd-e4a1-4ac5-9833-30d9d7215e5b\" href=\"https:\/\/www.accs.pt\/accs\/wp-content\/uploads\/2026\/05\/ANEXO-I-Mapa-de-Controlos_2026-04-29T11h02m29.pdf\">ANEXO I Mapa de Controlos_2026-04-29T11h02m29<\/a><a href=\"https:\/\/www.accs.pt\/accs\/wp-content\/uploads\/2026\/05\/ANEXO-I-Mapa-de-Controlos_2026-04-29T11h02m29.pdf\" class=\"wp-block-file__button wp-element-button\" download aria-describedby=\"wp-block-file--media-3ce879fd-e4a1-4ac5-9833-30d9d7215e5b\">Descarregar<\/a><\/div>\n\n\n\n<p>O <\/p>\n","protected":false},"excerpt":{"rendered":"<div class=\"slide-text-bg2\">\n<h3>Aqui poder\u00e1 encontrar toda a informa\u00e7\u00e3o referente ao Rali da Ribeira Brava 2026.Em alternativa poder\u00e1 consultar o sitio da FPAK<\/h3>\n<\/div>\n<div class=\"flex-btn-div\"><a href=\"https:\/\/www.accs.pt\/accs\/rali-da-ribeira-brava-2026\/\" class=\"btn1 flex-btn\">Ler mais<\/a><\/div>\n","protected":false},"author":1,"featured_media":0,"parent":0,"menu_order":0,"comment_status":"closed","ping_status":"closed","template":"","meta":{"footnotes":""},"class_list":["post-1776","page","type-page","status-publish","hentry"],"_links":{"self":[{"href":"https:\/\/www.accs.pt\/accs\/wp-json\/wp\/v2\/pages\/1776","targetHints":{"allow":["GET"]}}],"collection":[{"href":"https:\/\/www.accs.pt\/accs\/wp-json\/wp\/v2\/pages"}],"about":[{"href":"https:\/\/www.accs.pt\/accs\/wp-json\/wp\/v2\/types\/page"}],"author":[{"embeddable":true,"href":"https:\/\/www.accs.pt\/accs\/wp-json\/wp\/v2\/users\/1"}],"replies":[{"embeddable":true,"href":"https:\/\/www.accs.pt\/accs\/wp-json\/wp\/v2\/comments?post=1776"}],"version-history":[{"count":1,"href":"https:\/\/www.accs.pt\/accs\/wp-json\/wp\/v2\/pages\/1776\/revisions"}],"predecessor-version":[{"id":1780,"href":"https:\/\/www.accs.pt\/accs\/wp-json\/wp\/v2\/pages\/1776\/revisions\/1780"}],"wp:attachment":[{"href":"https:\/\/www.accs.pt\/accs\/wp-json\/wp\/v2\/media?parent=1776"}],"curies":[{"name":"wp","href":"https:\/\/api.w.org\/{rel}","templated":true}]}}