{"id":1668,"date":"2025-09-26T11:28:44","date_gmt":"2025-09-26T11:28:44","guid":{"rendered":"https:\/\/www.accs.pt\/accs\/?page_id=1668"},"modified":"2025-10-09T15:41:46","modified_gmt":"2025-10-09T15:41:46","slug":"x-rampa-sc-santacruzense-2025","status":"publish","type":"page","link":"https:\/\/www.accs.pt\/accs\/x-rampa-sc-santacruzense-2025\/","title":{"rendered":"X Rampa SC Santacruzense 2025"},"content":{"rendered":"\n<figure class=\"wp-block-image size-full\"><img loading=\"lazy\" decoding=\"async\" width=\"952\" height=\"453\" src=\"https:\/\/www.accs.pt\/accs\/wp-content\/uploads\/2025\/09\/logo_rampa_scs_2025.jpg\" alt=\"\" class=\"wp-image-1669\" srcset=\"https:\/\/www.accs.pt\/accs\/wp-content\/uploads\/2025\/09\/logo_rampa_scs_2025.jpg 952w, https:\/\/www.accs.pt\/accs\/wp-content\/uploads\/2025\/09\/logo_rampa_scs_2025-300x143.jpg 300w, https:\/\/www.accs.pt\/accs\/wp-content\/uploads\/2025\/09\/logo_rampa_scs_2025-768x365.jpg 768w\" sizes=\"auto, (max-width: 952px) 100vw, 952px\" \/><\/figure>\n\n\n\n<p><\/p>\n\n\n<div class=\"wp-block-image\">\n<figure class=\"aligncenter size-large\"><img loading=\"lazy\" decoding=\"async\" width=\"724\" height=\"1024\" src=\"https:\/\/www.accs.pt\/accs\/wp-content\/uploads\/2025\/10\/Cartaz-A3_rampa_SCS_2025-724x1024.jpg\" alt=\"\" class=\"wp-image-1676\" srcset=\"https:\/\/www.accs.pt\/accs\/wp-content\/uploads\/2025\/10\/Cartaz-A3_rampa_SCS_2025-724x1024.jpg 724w, https:\/\/www.accs.pt\/accs\/wp-content\/uploads\/2025\/10\/Cartaz-A3_rampa_SCS_2025-212x300.jpg 212w, https:\/\/www.accs.pt\/accs\/wp-content\/uploads\/2025\/10\/Cartaz-A3_rampa_SCS_2025-768x1086.jpg 768w, https:\/\/www.accs.pt\/accs\/wp-content\/uploads\/2025\/10\/Cartaz-A3_rampa_SCS_2025-1087x1536.jpg 1087w, https:\/\/www.accs.pt\/accs\/wp-content\/uploads\/2025\/10\/Cartaz-A3_rampa_SCS_2025.jpg 1158w\" sizes=\"auto, (max-width: 724px) 100vw, 724px\" \/><\/figure>\n<\/div>\n\n\n<p>Aqui poder\u00e1 encontra a informa\u00e7\u00e3o oficial sobre a prova:<\/p>\n\n\n\n<p>Em alternativa poder\u00e1 consultar a informa\u00e7\u00e3o presente no site da FPAK<\/p>\n\n\n\n<p><a href=\"https:\/\/www.fpak.pt\/calendario\/2025-10-17-rampa-regional-sc-santacruzense-ic-publicidade\">https:\/\/www.fpak.pt\/calendario\/2025-10-17-rampa-regional-sc-santacruzense-ic-publicidade<\/a><\/p>\n\n\n\n<p><\/p>\n\n\n\n<p>Regulamento particular da prova aprovado:<\/p>\n\n\n\n<div data-wp-interactive=\"core\/file\" class=\"wp-block-file\"><object data-wp-bind--hidden=\"!state.hasPdfPreview\" hidden class=\"wp-block-file__embed\" data=\"https:\/\/www.accs.pt\/accs\/wp-content\/uploads\/2025\/09\/Regulamento-Rampa-SCS-2025-APROVADO_2025-09-19T11h43m33.pdf\" type=\"application\/pdf\" style=\"width:100%;height:600px\" aria-label=\"Incorpora\u00e7\u00e3o de Regulamento Rampa SCS 2025 - APROVADO_2025-09-19T11h43m33.\"><\/object><a id=\"wp-block-file--media-3e07f648-5607-4058-8b06-50c45faef1ce\" href=\"https:\/\/www.accs.pt\/accs\/wp-content\/uploads\/2025\/09\/Regulamento-Rampa-SCS-2025-APROVADO_2025-09-19T11h43m33.pdf\">Regulamento Rampa SCS 2025 &#8211; APROVADO_2025-09-19T11h43m33<\/a><a href=\"https:\/\/www.accs.pt\/accs\/wp-content\/uploads\/2025\/09\/Regulamento-Rampa-SCS-2025-APROVADO_2025-09-19T11h43m33.pdf\" class=\"wp-block-file__button wp-element-button\" download aria-describedby=\"wp-block-file--media-3e07f648-5607-4058-8b06-50c45faef1ce\">Descarregar<\/a><\/div>\n\n\n\n<p>Informa\u00e7\u00f5es adicionais e pagamento: <\/p>\n\n\n\n<div data-wp-interactive=\"core\/file\" class=\"wp-block-file\"><object data-wp-bind--hidden=\"!state.hasPdfPreview\" hidden class=\"wp-block-file__embed\" data=\"https:\/\/www.accs.pt\/accs\/wp-content\/uploads\/2025\/10\/INFORMACOES-ADICIONAIS-E-PAGAMENTO.pdf\" type=\"application\/pdf\" style=\"width:100%;height:600px\" aria-label=\"Incorpora\u00e7\u00e3o de INFORMA\u00c7\u00d5ES ADICIONAIS E PAGAMENTO.\"><\/object><a id=\"wp-block-file--media-3fce03aa-38b2-4d5b-a5cc-ece34408fb62\" href=\"https:\/\/www.accs.pt\/accs\/wp-content\/uploads\/2025\/10\/INFORMACOES-ADICIONAIS-E-PAGAMENTO.pdf\">INFORMA\u00c7\u00d5ES ADICIONAIS E PAGAMENTO<\/a><a href=\"https:\/\/www.accs.pt\/accs\/wp-content\/uploads\/2025\/10\/INFORMACOES-ADICIONAIS-E-PAGAMENTO.pdf\" class=\"wp-block-file__button wp-element-button\" download aria-describedby=\"wp-block-file--media-3fce03aa-38b2-4d5b-a5cc-ece34408fb62\">Descarregar<\/a><\/div>\n","protected":false},"excerpt":{"rendered":"<div class=\"slide-text-bg2\">\n<h3>Aqui poder\u00e1 encontra a informa\u00e7\u00e3o oficial sobre a prova: Em alternativa poder\u00e1 consultar a informa\u00e7\u00e3o presente no site da FPAK<\/h3>\n<\/div>\n<div class=\"flex-btn-div\"><a href=\"https:\/\/www.accs.pt\/accs\/x-rampa-sc-santacruzense-2025\/\" class=\"btn1 flex-btn\">Ler mais<\/a><\/div>\n","protected":false},"author":1,"featured_media":0,"parent":0,"menu_order":0,"comment_status":"closed","ping_status":"closed","template":"","meta":{"footnotes":""},"class_list":["post-1668","page","type-page","status-publish","hentry"],"_links":{"self":[{"href":"https:\/\/www.accs.pt\/accs\/wp-json\/wp\/v2\/pages\/1668","targetHints":{"allow":["GET"]}}],"collection":[{"href":"https:\/\/www.accs.pt\/accs\/wp-json\/wp\/v2\/pages"}],"about":[{"href":"https:\/\/www.accs.pt\/accs\/wp-json\/wp\/v2\/types\/page"}],"author":[{"embeddable":true,"href":"https:\/\/www.accs.pt\/accs\/wp-json\/wp\/v2\/users\/1"}],"replies":[{"embeddable":true,"href":"https:\/\/www.accs.pt\/accs\/wp-json\/wp\/v2\/comments?post=1668"}],"version-history":[{"count":3,"href":"https:\/\/www.accs.pt\/accs\/wp-json\/wp\/v2\/pages\/1668\/revisions"}],"predecessor-version":[{"id":1678,"href":"https:\/\/www.accs.pt\/accs\/wp-json\/wp\/v2\/pages\/1668\/revisions\/1678"}],"wp:attachment":[{"href":"https:\/\/www.accs.pt\/accs\/wp-json\/wp\/v2\/media?parent=1668"}],"curies":[{"name":"wp","href":"https:\/\/api.w.org\/{rel}","templated":true}]}}