{"id":1547,"date":"2024-09-28T00:16:41","date_gmt":"2024-09-28T00:16:41","guid":{"rendered":"https:\/\/www.accs.pt\/accs\/?page_id=1547"},"modified":"2024-09-28T00:16:41","modified_gmt":"2024-09-28T00:16:41","slug":"ix-rampa-sporting-club-santacruzense-ic-publicidade","status":"publish","type":"page","link":"https:\/\/www.accs.pt\/accs\/ix-rampa-sporting-club-santacruzense-ic-publicidade\/","title":{"rendered":"IX Rampa Sporting Club Santacruzense &#8211; IC Publicidade"},"content":{"rendered":"<div class=\"wp-block-image\">\n<figure class=\"aligncenter size-large\"><img loading=\"lazy\" decoding=\"async\" width=\"724\" height=\"1024\" src=\"https:\/\/www.accs.pt\/accs\/wp-content\/uploads\/2024\/09\/Cartaz-A3_rampa_SCS_2024-724x1024.jpg\" alt=\"\" class=\"wp-image-1548\" srcset=\"https:\/\/www.accs.pt\/accs\/wp-content\/uploads\/2024\/09\/Cartaz-A3_rampa_SCS_2024-724x1024.jpg 724w, https:\/\/www.accs.pt\/accs\/wp-content\/uploads\/2024\/09\/Cartaz-A3_rampa_SCS_2024-212x300.jpg 212w, https:\/\/www.accs.pt\/accs\/wp-content\/uploads\/2024\/09\/Cartaz-A3_rampa_SCS_2024-768x1086.jpg 768w, https:\/\/www.accs.pt\/accs\/wp-content\/uploads\/2024\/09\/Cartaz-A3_rampa_SCS_2024-1086x1536.jpg 1086w, https:\/\/www.accs.pt\/accs\/wp-content\/uploads\/2024\/09\/Cartaz-A3_rampa_SCS_2024-1448x2048.jpg 1448w, https:\/\/www.accs.pt\/accs\/wp-content\/uploads\/2024\/09\/Cartaz-A3_rampa_SCS_2024-scaled.jpg 1810w\" sizes=\"auto, (max-width: 724px) 100vw, 724px\" \/><\/figure>\n<\/div>\n\n\n<p>Aqui poder\u00e1 encontrar toda a informa\u00e7\u00e3o desta prova.<\/p>\n\n\n\n<p>Em alternativa poder\u00e1 consultar o site da FPAK<\/p>\n\n\n\n<p><a href=\"https:\/\/fpak.pt\/calendario\/2024-10-04-rampa-regional-sc-santacruzense-ic-publicidade\">https:\/\/fpak.pt\/calendario\/2024-10-04-rampa-regional-sc-santacruzense-ic-publicidade<\/a><\/p>\n\n\n\n<p><\/p>\n\n\n\n<p>Regulamento da Prova:<\/p>\n\n\n\n<div data-wp-interactive=\"core\/file\" class=\"wp-block-file aligncenter\"><object data-wp-bind--hidden=\"!state.hasPdfPreview\" hidden class=\"wp-block-file__embed\" data=\"https:\/\/www.accs.pt\/accs\/wp-content\/uploads\/2024\/09\/regulamento_rampa_scs_2024.pdf\" type=\"application\/pdf\" style=\"width:100%;height:600px\" aria-label=\"Incorpora\u00e7\u00e3o de regulamento_rampa_scs_2024.\"><\/object><a id=\"wp-block-file--media-5f20a845-fb85-4fc2-8f86-e6f64e9cd7f8\" href=\"https:\/\/www.accs.pt\/accs\/wp-content\/uploads\/2024\/09\/regulamento_rampa_scs_2024.pdf\">regulamento_rampa_scs_2024<\/a><a href=\"https:\/\/www.accs.pt\/accs\/wp-content\/uploads\/2024\/09\/regulamento_rampa_scs_2024.pdf\" class=\"wp-block-file__button wp-element-button\" download aria-describedby=\"wp-block-file--media-5f20a845-fb85-4fc2-8f86-e6f64e9cd7f8\">Descarregar<\/a><\/div>\n\n\n\n<p><\/p>\n\n\n\n<p>Programa da Prova:<\/p>\n\n\n\n<div data-wp-interactive=\"core\/file\" class=\"wp-block-file\"><object data-wp-bind--hidden=\"!state.hasPdfPreview\" hidden class=\"wp-block-file__embed\" data=\"https:\/\/www.accs.pt\/accs\/wp-content\/uploads\/2024\/09\/Programa_rampa_SCS_2024.pdf\" type=\"application\/pdf\" style=\"width:100%;height:600px\" aria-label=\"Incorpora\u00e7\u00e3o de Programa_rampa_SCS_2024.\"><\/object><a id=\"wp-block-file--media-e263f1da-0599-41e6-8927-8f3bf14135e9\" href=\"https:\/\/www.accs.pt\/accs\/wp-content\/uploads\/2024\/09\/Programa_rampa_SCS_2024.pdf\">Programa_rampa_SCS_2024<\/a><a href=\"https:\/\/www.accs.pt\/accs\/wp-content\/uploads\/2024\/09\/Programa_rampa_SCS_2024.pdf\" class=\"wp-block-file__button wp-element-button\" download aria-describedby=\"wp-block-file--media-e263f1da-0599-41e6-8927-8f3bf14135e9\">Descarregar<\/a><\/div>\n\n\n\n<p><\/p>\n\n\n\n<p>Encerramento de Estradas:<\/p>\n\n\n\n<div data-wp-interactive=\"core\/file\" class=\"wp-block-file\"><object data-wp-bind--hidden=\"!state.hasPdfPreview\" hidden class=\"wp-block-file__embed\" data=\"https:\/\/www.accs.pt\/accs\/wp-content\/uploads\/2024\/09\/Encerramento_estradas_rampa_SCS_2024.pdf\" type=\"application\/pdf\" style=\"width:100%;height:600px\" aria-label=\"Incorpora\u00e7\u00e3o de Encerramento_estradas_rampa_SCS_2024.\"><\/object><a id=\"wp-block-file--media-78581783-8462-48b1-8f56-3002747e87c7\" href=\"https:\/\/www.accs.pt\/accs\/wp-content\/uploads\/2024\/09\/Encerramento_estradas_rampa_SCS_2024.pdf\">Encerramento_estradas_rampa_SCS_2024<\/a><a href=\"https:\/\/www.accs.pt\/accs\/wp-content\/uploads\/2024\/09\/Encerramento_estradas_rampa_SCS_2024.pdf\" class=\"wp-block-file__button wp-element-button\" download aria-describedby=\"wp-block-file--media-78581783-8462-48b1-8f56-3002747e87c7\">Descarregar<\/a><\/div>\n\n\n\n<p><\/p>\n\n\n\n<p>Informa\u00e7\u00f5es Adicionais e Pagamentos<\/p>\n\n\n\n<div data-wp-interactive=\"core\/file\" class=\"wp-block-file\"><object data-wp-bind--hidden=\"!state.hasPdfPreview\" hidden class=\"wp-block-file__embed\" data=\"https:\/\/www.accs.pt\/accs\/wp-content\/uploads\/2024\/09\/Informacoes_e_pagamentos_Rampa_SCS_2024.pdf\" type=\"application\/pdf\" style=\"width:100%;height:600px\" aria-label=\"Incorpora\u00e7\u00e3o de Informacoes_e_pagamentos_Rampa_SCS_2024.\"><\/object><a id=\"wp-block-file--media-d3e3d698-74d6-4dc9-affd-5283272ba53f\" href=\"https:\/\/www.accs.pt\/accs\/wp-content\/uploads\/2024\/09\/Informacoes_e_pagamentos_Rampa_SCS_2024.pdf\">Informacoes_e_pagamentos_Rampa_SCS_2024<\/a><a href=\"https:\/\/www.accs.pt\/accs\/wp-content\/uploads\/2024\/09\/Informacoes_e_pagamentos_Rampa_SCS_2024.pdf\" class=\"wp-block-file__button wp-element-button\" download aria-describedby=\"wp-block-file--media-d3e3d698-74d6-4dc9-affd-5283272ba53f\">Descarregar<\/a><\/div>\n","protected":false},"excerpt":{"rendered":"<div class=\"slide-text-bg2\">\n<h3>Aqui poder\u00e1 encontrar toda a informa\u00e7\u00e3o desta prova. Em alternativa poder\u00e1 consultar o site da FPAK https:\/\/fpak.pt\/calendario\/2024-10-04-rampa-regional-sc-santacruzense-ic-publicidade Regulamento da Prova:<\/h3>\n<\/div>\n<div class=\"flex-btn-div\"><a href=\"https:\/\/www.accs.pt\/accs\/ix-rampa-sporting-club-santacruzense-ic-publicidade\/\" class=\"btn1 flex-btn\">Ler mais<\/a><\/div>\n","protected":false},"author":1,"featured_media":0,"parent":0,"menu_order":0,"comment_status":"closed","ping_status":"closed","template":"","meta":{"footnotes":""},"class_list":["post-1547","page","type-page","status-publish","hentry"],"_links":{"self":[{"href":"https:\/\/www.accs.pt\/accs\/wp-json\/wp\/v2\/pages\/1547","targetHints":{"allow":["GET"]}}],"collection":[{"href":"https:\/\/www.accs.pt\/accs\/wp-json\/wp\/v2\/pages"}],"about":[{"href":"https:\/\/www.accs.pt\/accs\/wp-json\/wp\/v2\/types\/page"}],"author":[{"embeddable":true,"href":"https:\/\/www.accs.pt\/accs\/wp-json\/wp\/v2\/users\/1"}],"replies":[{"embeddable":true,"href":"https:\/\/www.accs.pt\/accs\/wp-json\/wp\/v2\/comments?post=1547"}],"version-history":[{"count":1,"href":"https:\/\/www.accs.pt\/accs\/wp-json\/wp\/v2\/pages\/1547\/revisions"}],"predecessor-version":[{"id":1553,"href":"https:\/\/www.accs.pt\/accs\/wp-json\/wp\/v2\/pages\/1547\/revisions\/1553"}],"wp:attachment":[{"href":"https:\/\/www.accs.pt\/accs\/wp-json\/wp\/v2\/media?parent=1547"}],"curies":[{"name":"wp","href":"https:\/\/api.w.org\/{rel}","templated":true}]}}