{"id":1175,"date":"2022-09-03T22:02:36","date_gmt":"2022-09-03T22:02:36","guid":{"rendered":"https:\/\/www.accs.pt\/accs\/?page_id=1175"},"modified":"2022-09-12T16:55:05","modified_gmt":"2022-09-12T16:55:05","slug":"vii-rampa-s-c-santacruzense-ic-publicidade-2022","status":"publish","type":"page","link":"https:\/\/www.accs.pt\/accs\/vii-rampa-s-c-santacruzense-ic-publicidade-2022\/","title":{"rendered":"VII Rampa S. C. Santacruzense \/ IC Publicidade 2022"},"content":{"rendered":"<div class=\"wp-block-image\">\n<figure class=\"aligncenter size-large\"><img loading=\"lazy\" decoding=\"async\" width=\"724\" height=\"1024\" src=\"http:\/\/www.accs.pt\/accs\/wp-content\/uploads\/2022\/09\/cartaz_final_f-724x1024.jpeg\" alt=\"\" class=\"wp-image-1184\" srcset=\"https:\/\/www.accs.pt\/accs\/wp-content\/uploads\/2022\/09\/cartaz_final_f-724x1024.jpeg 724w, https:\/\/www.accs.pt\/accs\/wp-content\/uploads\/2022\/09\/cartaz_final_f-212x300.jpeg 212w, https:\/\/www.accs.pt\/accs\/wp-content\/uploads\/2022\/09\/cartaz_final_f-768x1086.jpeg 768w, https:\/\/www.accs.pt\/accs\/wp-content\/uploads\/2022\/09\/cartaz_final_f-1086x1536.jpeg 1086w, https:\/\/www.accs.pt\/accs\/wp-content\/uploads\/2022\/09\/cartaz_final_f.jpeg 1131w\" sizes=\"auto, (max-width: 724px) 100vw, 724px\" \/><figcaption>Cartaz da Rampa SCS &#8211; !C <\/figcaption><\/figure>\n<\/div>\n\n\n<p>Regulamento da Prova :<\/p>\n\n\n\n<div data-wp-interactive=\"core\/file\" class=\"wp-block-file\"><object data-wp-bind--hidden=\"!state.hasPdfPreview\" hidden class=\"wp-block-file__embed\" data=\"https:\/\/www.accs.pt\/accs\/wp-content\/uploads\/2022\/09\/Regulamento-VII-Rampa-SCS-2022-FS132471V2-Aprovado_2022-08-25T15h50m30.pdf\" type=\"application\/pdf\" style=\"width:100%;height:600px\" aria-label=\"Incorpora\u00e7\u00e3o de Incorpora\u00e7\u00e3o de Regulamento-VII-Rampa-SCS-2022-FS132471V2-Aprovado_2022-08-25T15h50m30..\"><\/object><a id=\"wp-block-file--media-893cdb95-95cc-436b-b091-971a351c9174\" href=\"https:\/\/www.accs.pt\/accs\/wp-content\/uploads\/2022\/09\/Regulamento-VII-Rampa-SCS-2022-FS132471V2-Aprovado_2022-08-25T15h50m30.pdf\">Regulamento-VII-Rampa-SCS-2022-FS132471V2-Aprovado_2022-08-25T15h50m30<\/a><a href=\"https:\/\/www.accs.pt\/accs\/wp-content\/uploads\/2022\/09\/Regulamento-VII-Rampa-SCS-2022-FS132471V2-Aprovado_2022-08-25T15h50m30.pdf\" class=\"wp-block-file__button\" download aria-describedby=\"wp-block-file--media-893cdb95-95cc-436b-b091-971a351c9174\">Descarregar<\/a><\/div>\n\n\n\n<p>Informa\u00e7\u00e3o Oficial no Site da FPAK<\/p>\n\n\n\n<p><a href=\"https:\/\/www.fpak.pt\/calendario\/2022-09-23-rampa-regional-s-c-santacruzense-i-c-publicidade\">https:\/\/www.fpak.pt\/calendario\/2022-09-23-rampa-regional-s-c-santacruzense-i-c-publicidade<\/a><\/p>\n\n\n\n<p><\/p>\n\n\n\n<p><\/p>\n\n\n\n<p>Programa da Rampa:<\/p>\n\n\n\n<div data-wp-interactive=\"core\/file\" class=\"wp-block-file\"><object data-wp-bind--hidden=\"!state.hasPdfPreview\" hidden class=\"wp-block-file__embed\" data=\"https:\/\/www.accs.pt\/accs\/wp-content\/uploads\/2022\/09\/Rampa-SCS-Programa-2022-1.pdf\" type=\"application\/pdf\" style=\"width:100%;height:600px\" aria-label=\"Incorpora\u00e7\u00e3o de Incorpora\u00e7\u00e3o de Rampa-SCS-Programa-2022-1..\"><\/object><a id=\"wp-block-file--media-c45cde06-4712-4af2-bea1-97d006574499\" href=\"https:\/\/www.accs.pt\/accs\/wp-content\/uploads\/2022\/09\/Rampa-SCS-Programa-2022-1.pdf\">Rampa-SCS-Programa-2022-1<\/a><a href=\"https:\/\/www.accs.pt\/accs\/wp-content\/uploads\/2022\/09\/Rampa-SCS-Programa-2022-1.pdf\" class=\"wp-block-file__button\" download aria-describedby=\"wp-block-file--media-c45cde06-4712-4af2-bea1-97d006574499\">Descarregar<\/a><\/div>\n\n\n\n<p><\/p>\n\n\n\n<p>Encerramento de Estradas:<\/p>\n\n\n\n<div data-wp-interactive=\"core\/file\" class=\"wp-block-file\"><object data-wp-bind--hidden=\"!state.hasPdfPreview\" hidden class=\"wp-block-file__embed\" data=\"https:\/\/www.accs.pt\/accs\/wp-content\/uploads\/2022\/09\/Rampa-SCS-Encerramento-Estradas-2022.pdf\" type=\"application\/pdf\" style=\"width:100%;height:600px\" aria-label=\"Incorpora\u00e7\u00e3o de Incorpora\u00e7\u00e3o de Rampa-SCS-Encerramento-Estradas-2022..\"><\/object><a id=\"wp-block-file--media-75edbaa8-3715-4d87-8cc0-b797cd71ba21\" href=\"https:\/\/www.accs.pt\/accs\/wp-content\/uploads\/2022\/09\/Rampa-SCS-Encerramento-Estradas-2022.pdf\">Rampa-SCS-Encerramento-Estradas-2022<\/a><a href=\"https:\/\/www.accs.pt\/accs\/wp-content\/uploads\/2022\/09\/Rampa-SCS-Encerramento-Estradas-2022.pdf\" class=\"wp-block-file__button\" download aria-describedby=\"wp-block-file--media-75edbaa8-3715-4d87-8cc0-b797cd71ba21\">Descarregar<\/a><\/div>\n","protected":false},"excerpt":{"rendered":"<div class=\"slide-text-bg2\">\n<h3>Regulamento da Prova : Informa\u00e7\u00e3o Oficial no Site da FPAK https:\/\/www.fpak.pt\/calendario\/2022-09-23-rampa-regional-s-c-santacruzense-i-c-publicidade Programa da Rampa: Encerramento de Estradas:<\/h3>\n<\/div>\n<div class=\"flex-btn-div\"><a href=\"https:\/\/www.accs.pt\/accs\/vii-rampa-s-c-santacruzense-ic-publicidade-2022\/\" class=\"btn1 flex-btn\">Ler mais<\/a><\/div>\n","protected":false},"author":1,"featured_media":0,"parent":0,"menu_order":0,"comment_status":"closed","ping_status":"closed","template":"","meta":{"footnotes":""},"class_list":["post-1175","page","type-page","status-publish","hentry"],"_links":{"self":[{"href":"https:\/\/www.accs.pt\/accs\/wp-json\/wp\/v2\/pages\/1175","targetHints":{"allow":["GET"]}}],"collection":[{"href":"https:\/\/www.accs.pt\/accs\/wp-json\/wp\/v2\/pages"}],"about":[{"href":"https:\/\/www.accs.pt\/accs\/wp-json\/wp\/v2\/types\/page"}],"author":[{"embeddable":true,"href":"https:\/\/www.accs.pt\/accs\/wp-json\/wp\/v2\/users\/1"}],"replies":[{"embeddable":true,"href":"https:\/\/www.accs.pt\/accs\/wp-json\/wp\/v2\/comments?post=1175"}],"version-history":[{"count":2,"href":"https:\/\/www.accs.pt\/accs\/wp-json\/wp\/v2\/pages\/1175\/revisions"}],"predecessor-version":[{"id":1191,"href":"https:\/\/www.accs.pt\/accs\/wp-json\/wp\/v2\/pages\/1175\/revisions\/1191"}],"wp:attachment":[{"href":"https:\/\/www.accs.pt\/accs\/wp-json\/wp\/v2\/media?parent=1175"}],"curies":[{"name":"wp","href":"https:\/\/api.w.org\/{rel}","templated":true}]}}