{"id":1094,"date":"2022-05-11T16:05:35","date_gmt":"2022-05-11T16:05:35","guid":{"rendered":"https:\/\/www.accs.pt\/accs\/?page_id=1094"},"modified":"2022-06-01T10:22:55","modified_gmt":"2022-06-01T10:22:55","slug":"rali-da-ribeira-brava-2022","status":"publish","type":"page","link":"https:\/\/www.accs.pt\/accs\/rali-da-ribeira-brava-2022\/","title":{"rendered":"Rali da Ribeira Brava 2022"},"content":{"rendered":"\n<figure class=\"wp-block-image size-large\"><img loading=\"lazy\" decoding=\"async\" width=\"819\" height=\"1024\" src=\"https:\/\/www.accs.pt\/accs\/wp-content\/uploads\/2022\/05\/cartaz-819x1024.jpeg\" alt=\"\" class=\"wp-image-1095\" srcset=\"https:\/\/www.accs.pt\/accs\/wp-content\/uploads\/2022\/05\/cartaz-819x1024.jpeg 819w, https:\/\/www.accs.pt\/accs\/wp-content\/uploads\/2022\/05\/cartaz-240x300.jpeg 240w, https:\/\/www.accs.pt\/accs\/wp-content\/uploads\/2022\/05\/cartaz-768x960.jpeg 768w, https:\/\/www.accs.pt\/accs\/wp-content\/uploads\/2022\/05\/cartaz-1229x1536.jpeg 1229w, https:\/\/www.accs.pt\/accs\/wp-content\/uploads\/2022\/05\/cartaz.jpeg 1280w\" sizes=\"auto, (max-width: 819px) 100vw, 819px\" \/><\/figure>\n\n\n\n<p>Regulamemto da Prova<\/p>\n\n\n\n<div data-wp-interactive=\"core\/file\" class=\"wp-block-file\"><object data-wp-bind--hidden=\"!state.hasPdfPreview\" hidden class=\"wp-block-file__embed\" data=\"https:\/\/www.accs.pt\/accs\/wp-content\/uploads\/2022\/05\/Regulamento-RRB2022-Aprovado_2022-05-04T12h41m20.pdf\" type=\"application\/pdf\" style=\"width:100%;height:600px\" aria-label=\"Incorpora\u00e7\u00e3o de Incorpora\u00e7\u00e3o de Regulamento-RRB2022..\"><\/object><a id=\"wp-block-file--media-e26eea3d-a676-472c-a188-cd24f4cbd0db\" href=\"https:\/\/www.accs.pt\/accs\/wp-content\/uploads\/2022\/05\/Regulamento-RRB2022-Aprovado_2022-05-04T12h41m20.pdf\">Regulamento-RRB2022<\/a><a href=\"https:\/\/www.accs.pt\/accs\/wp-content\/uploads\/2022\/05\/Regulamento-RRB2022-Aprovado_2022-05-04T12h41m20.pdf\" class=\"wp-block-file__button\" download aria-describedby=\"wp-block-file--media-e26eea3d-a676-472c-a188-cd24f4cbd0db\">Descarregar<\/a><\/div>\n\n\n\n<p>Mapa de Controlos<\/p>\n\n\n\n<div data-wp-interactive=\"core\/file\" class=\"wp-block-file\"><object data-wp-bind--hidden=\"!state.hasPdfPreview\" hidden class=\"wp-block-file__embed\" data=\"https:\/\/www.accs.pt\/accs\/wp-content\/uploads\/2022\/05\/RRB2022-ANEXO-I-Mapa_de_controlos_2022-05-04T12h41m55.pdf\" type=\"application\/pdf\" style=\"width:100%;height:600px\" aria-label=\"Incorpora\u00e7\u00e3o de Incorpora\u00e7\u00e3o de RRB2022-ANEXO-I-Mapa_de_controlos..\"><\/object><a id=\"wp-block-file--media-8ddfee12-0691-4a2f-b60b-9fd5dc3d4a35\" href=\"https:\/\/www.accs.pt\/accs\/wp-content\/uploads\/2022\/05\/RRB2022-ANEXO-I-Mapa_de_controlos_2022-05-04T12h41m55.pdf\">RRB2022-ANEXO-I-Mapa_de_controlos<\/a><a href=\"https:\/\/www.accs.pt\/accs\/wp-content\/uploads\/2022\/05\/RRB2022-ANEXO-I-Mapa_de_controlos_2022-05-04T12h41m55.pdf\" class=\"wp-block-file__button\" download aria-describedby=\"wp-block-file--media-8ddfee12-0691-4a2f-b60b-9fd5dc3d4a35\">Descarregar<\/a><\/div>\n\n\n\n<p>Encerramento de Estradas:<\/p>\n\n\n\n<div data-wp-interactive=\"core\/file\" class=\"wp-block-file\"><object data-wp-bind--hidden=\"!state.hasPdfPreview\" hidden class=\"wp-block-file__embed\" data=\"https:\/\/www.accs.pt\/accs\/wp-content\/uploads\/2022\/05\/RRB2022-Encerramento-Estadas_Final-1.pdf\" type=\"application\/pdf\" style=\"width:100%;height:600px\" aria-label=\"Incorpora\u00e7\u00e3o de Incorpora\u00e7\u00e3o de RRB2022-Encerramento-Estadas_Final-1..\"><\/object><a id=\"wp-block-file--media-fe8eee49-e217-4dc6-bc19-5137959b21be\" href=\"https:\/\/www.accs.pt\/accs\/wp-content\/uploads\/2022\/05\/RRB2022-Encerramento-Estadas_Final-1.pdf\">RRB2022-Encerramento-Estadas_Final-1<\/a><a href=\"https:\/\/www.accs.pt\/accs\/wp-content\/uploads\/2022\/05\/RRB2022-Encerramento-Estadas_Final-1.pdf\" class=\"wp-block-file__button\" download aria-describedby=\"wp-block-file--media-fe8eee49-e217-4dc6-bc19-5137959b21be\">Descarregar<\/a><\/div>\n\n\n\n<p>Caderno de Itiner\u00e1rio:<\/p>\n\n\n\n<div data-wp-interactive=\"core\/file\" class=\"wp-block-file\"><object data-wp-bind--hidden=\"!state.hasPdfPreview\" hidden class=\"wp-block-file__embed\" data=\"http:\/\/www.accs.pt\/accs\/wp-content\/uploads\/2022\/05\/Caderno-Itinerario-RRB2022.pdf\" type=\"application\/pdf\" style=\"width:100%;height:600px\" aria-label=\"Incorpora\u00e7\u00e3o de Incorpora\u00e7\u00e3o de Caderno-Itinerario-RRB2022..\"><\/object><a id=\"wp-block-file--media-2d4672f1-c30a-47e7-854e-63d4124faad4\" href=\"http:\/\/www.accs.pt\/accs\/wp-content\/uploads\/2022\/05\/Caderno-Itinerario-RRB2022.pdf\">Caderno-Itinerario-RRB2022<\/a><a href=\"http:\/\/www.accs.pt\/accs\/wp-content\/uploads\/2022\/05\/Caderno-Itinerario-RRB2022.pdf\" class=\"wp-block-file__button\" download aria-describedby=\"wp-block-file--media-2d4672f1-c30a-47e7-854e-63d4124faad4\">Descarregar<\/a><\/div>\n\n\n\n<p>Informa\u00e7\u00e3o oficial presente no site da FPAK<\/p>\n\n\n\n<p><a href=\"https:\/\/www.fpak.pt\/calendario\/2022-06-03-rali-da-ribeira-brava\">https:\/\/www.fpak.pt\/calendario\/2022-06-03-rali-da-ribeira-brava<\/a><\/p>\n\n\n\n<p>Itiner\u00e1rio alternativo:<\/p>\n\n\n\n<div data-wp-interactive=\"core\/file\" class=\"wp-block-file\"><object data-wp-bind--hidden=\"!state.hasPdfPreview\" hidden class=\"wp-block-file__embed\" data=\"http:\/\/www.accs.pt\/accs\/wp-content\/uploads\/2022\/06\/Caderno-Itinerario-Alternativo-RRB2022.pdf\" type=\"application\/pdf\" style=\"width:100%;height:600px\" aria-label=\"Incorpora\u00e7\u00e3o de Incorpora\u00e7\u00e3o de Caderno-Itinerario-Alternativo-RRB2022..\"><\/object><a id=\"wp-block-file--media-558e11b1-9019-4f4b-9895-3a9120280ace\" href=\"http:\/\/www.accs.pt\/accs\/wp-content\/uploads\/2022\/06\/Caderno-Itinerario-Alternativo-RRB2022.pdf\">Caderno-Itinerario-Alternativo-RRB2022<\/a><a href=\"http:\/\/www.accs.pt\/accs\/wp-content\/uploads\/2022\/06\/Caderno-Itinerario-Alternativo-RRB2022.pdf\" class=\"wp-block-file__button\" download aria-describedby=\"wp-block-file--media-558e11b1-9019-4f4b-9895-3a9120280ace\">Descarregar<\/a><\/div>\n\n\n\n<p><\/p>\n\n\n\n<p>Aditamento n\u00b0 1<\/p>\n\n\n\n<div data-wp-interactive=\"core\/file\" class=\"wp-block-file\"><object data-wp-bind--hidden=\"!state.hasPdfPreview\" hidden class=\"wp-block-file__embed\" data=\"http:\/\/www.accs.pt\/accs\/wp-content\/uploads\/2022\/06\/Aditamento-1_2022-06-01T10h00m15.pdf\" type=\"application\/pdf\" style=\"width:100%;height:550px\" aria-label=\"Incorpora\u00e7\u00e3o de Incorpora\u00e7\u00e3o de Aditamento 1_2022-06-01T10h00m15..\"><\/object><a id=\"wp-block-file--media-481de958-d60d-4529-bb04-1a19cd5502d1\" href=\"http:\/\/www.accs.pt\/accs\/wp-content\/uploads\/2022\/06\/Aditamento-1_2022-06-01T10h00m15.pdf\">Aditamento 1_2022-06-01T10h00m15<\/a><a href=\"http:\/\/www.accs.pt\/accs\/wp-content\/uploads\/2022\/06\/Aditamento-1_2022-06-01T10h00m15.pdf\" class=\"wp-block-file__button\" download aria-describedby=\"wp-block-file--media-481de958-d60d-4529-bb04-1a19cd5502d1\">Descarregar<\/a><\/div>\n","protected":false},"excerpt":{"rendered":"<div class=\"slide-text-bg2\">\n<h3>Regulamemto da Prova Mapa de Controlos Encerramento de Estradas: Caderno de Itiner\u00e1rio: Informa\u00e7\u00e3o oficial presente no site da FPAK https:\/\/www.fpak.pt\/calendario\/2022-06-03-rali-da-ribeira-brava<\/h3>\n<\/div>\n<div class=\"flex-btn-div\"><a href=\"https:\/\/www.accs.pt\/accs\/rali-da-ribeira-brava-2022\/\" class=\"btn1 flex-btn\">Ler mais<\/a><\/div>\n","protected":false},"author":1,"featured_media":0,"parent":0,"menu_order":0,"comment_status":"closed","ping_status":"closed","template":"","meta":{"footnotes":""},"class_list":["post-1094","page","type-page","status-publish","hentry"],"_links":{"self":[{"href":"https:\/\/www.accs.pt\/accs\/wp-json\/wp\/v2\/pages\/1094","targetHints":{"allow":["GET"]}}],"collection":[{"href":"https:\/\/www.accs.pt\/accs\/wp-json\/wp\/v2\/pages"}],"about":[{"href":"https:\/\/www.accs.pt\/accs\/wp-json\/wp\/v2\/types\/page"}],"author":[{"embeddable":true,"href":"https:\/\/www.accs.pt\/accs\/wp-json\/wp\/v2\/users\/1"}],"replies":[{"embeddable":true,"href":"https:\/\/www.accs.pt\/accs\/wp-json\/wp\/v2\/comments?post=1094"}],"version-history":[{"count":4,"href":"https:\/\/www.accs.pt\/accs\/wp-json\/wp\/v2\/pages\/1094\/revisions"}],"predecessor-version":[{"id":1148,"href":"https:\/\/www.accs.pt\/accs\/wp-json\/wp\/v2\/pages\/1094\/revisions\/1148"}],"wp:attachment":[{"href":"https:\/\/www.accs.pt\/accs\/wp-json\/wp\/v2\/media?parent=1094"}],"curies":[{"name":"wp","href":"https:\/\/api.w.org\/{rel}","templated":true}]}}