{"id":1045,"date":"2022-02-21T16:52:08","date_gmt":"2022-02-21T16:52:08","guid":{"rendered":"https:\/\/www.accs.pt\/accs\/?page_id=1045"},"modified":"2022-03-02T20:47:31","modified_gmt":"2022-03-02T20:47:31","slug":"iv-rampa-da-camacha-ic-publicidade","status":"publish","type":"page","link":"https:\/\/www.accs.pt\/accs\/iv-rampa-da-camacha-ic-publicidade\/","title":{"rendered":"IV Rampa da Camacha &#8211; IC Publicidade"},"content":{"rendered":"\n<figure class=\"wp-block-image size-large\"><img loading=\"lazy\" decoding=\"async\" width=\"1024\" height=\"479\" src=\"https:\/\/www.accs.pt\/accs\/wp-content\/uploads\/2022\/02\/logo_rampa_camacha_2022-1024x479.jpeg\" alt=\"\" class=\"wp-image-1047\" srcset=\"https:\/\/www.accs.pt\/accs\/wp-content\/uploads\/2022\/02\/logo_rampa_camacha_2022-1024x479.jpeg 1024w, https:\/\/www.accs.pt\/accs\/wp-content\/uploads\/2022\/02\/logo_rampa_camacha_2022-300x140.jpeg 300w, https:\/\/www.accs.pt\/accs\/wp-content\/uploads\/2022\/02\/logo_rampa_camacha_2022-768x359.jpeg 768w, https:\/\/www.accs.pt\/accs\/wp-content\/uploads\/2022\/02\/logo_rampa_camacha_2022-1536x718.jpeg 1536w, https:\/\/www.accs.pt\/accs\/wp-content\/uploads\/2022\/02\/logo_rampa_camacha_2022.jpeg 1920w\" sizes=\"auto, (max-width: 1024px) 100vw, 1024px\" \/><\/figure>\n\n\n\n<p>A  IV Rampa da Camacha, segunda prova do Trof\u00e9u da AMAK de 2022, ir\u00e1 ocorrer nos dias 18 e 19 de Mar\u00e7o de 2022. <\/p>\n\n\n\n<p><\/p>\n\n\n\n<p>Relativamente aos documentos oficiais da prova podem consultar os mesmos aqui:<\/p>\n\n\n\n<p>Regulamento da Rampa:<\/p>\n\n\n\n<div data-wp-interactive=\"core\/file\" class=\"wp-block-file\"><object data-wp-bind--hidden=\"!state.hasPdfPreview\" hidden class=\"wp-block-file__embed\" data=\"https:\/\/www.accs.pt\/accs\/wp-content\/uploads\/2022\/03\/Regulamento-IV-Rampa-Camacha-2022_2022-02-22T11h33m54.pdf\" type=\"application\/pdf\" style=\"width:100%;height:600px\" aria-label=\"Incorpora\u00e7\u00e3o de Incorpora\u00e7\u00e3o de Regulamento-IV-Rampa-Camacha-2022..\"><\/object><a id=\"wp-block-file--media-7a4ead6a-62e3-4cbf-9091-41a3e50448c8\" href=\"https:\/\/www.accs.pt\/accs\/wp-content\/uploads\/2022\/03\/Regulamento-IV-Rampa-Camacha-2022_2022-02-22T11h33m54.pdf\">Regulamento-IV-Rampa-Camacha-2022<\/a><a href=\"https:\/\/www.accs.pt\/accs\/wp-content\/uploads\/2022\/03\/Regulamento-IV-Rampa-Camacha-2022_2022-02-22T11h33m54.pdf\" class=\"wp-block-file__button\" download aria-describedby=\"wp-block-file--media-7a4ead6a-62e3-4cbf-9091-41a3e50448c8\">Descarregar<\/a><\/div>\n\n\n\n<p>Programa da prova:<\/p>\n\n\n\n<div data-wp-interactive=\"core\/file\" class=\"wp-block-file\"><object data-wp-bind--hidden=\"!state.hasPdfPreview\" hidden class=\"wp-block-file__embed\" data=\"https:\/\/www.accs.pt\/accs\/wp-content\/uploads\/2022\/03\/Rampa-Camacha-Programa-2022.pdf\" type=\"application\/pdf\" style=\"width:100%;height:600px\" aria-label=\"Incorpora\u00e7\u00e3o de Incorpora\u00e7\u00e3o de Rampa-Camacha-Programa-2022..\"><\/object><a id=\"wp-block-file--media-5105ffec-aa1c-4782-92a8-f4c33be32ab9\" href=\"https:\/\/www.accs.pt\/accs\/wp-content\/uploads\/2022\/03\/Rampa-Camacha-Programa-2022.pdf\">Rampa-Camacha-Programa-2022<\/a><a href=\"https:\/\/www.accs.pt\/accs\/wp-content\/uploads\/2022\/03\/Rampa-Camacha-Programa-2022.pdf\" class=\"wp-block-file__button\" download aria-describedby=\"wp-block-file--media-5105ffec-aa1c-4782-92a8-f4c33be32ab9\">Descarregar<\/a><\/div>\n\n\n\n<p>Encerramento de estradas: <\/p>\n\n\n\n<div data-wp-interactive=\"core\/file\" class=\"wp-block-file\"><object data-wp-bind--hidden=\"!state.hasPdfPreview\" hidden class=\"wp-block-file__embed\" data=\"https:\/\/www.accs.pt\/accs\/wp-content\/uploads\/2022\/03\/Rampa-Camacha-Encerramento-Estradas-2022.pdf\" type=\"application\/pdf\" style=\"width:100%;height:600px\" aria-label=\"Incorpora\u00e7\u00e3o de Incorpora\u00e7\u00e3o de Rampa-Camacha-Encerramento-Estradas-2022..\"><\/object><a id=\"wp-block-file--media-856f855e-922c-47a6-b504-943c11238178\" href=\"https:\/\/www.accs.pt\/accs\/wp-content\/uploads\/2022\/03\/Rampa-Camacha-Encerramento-Estradas-2022.pdf\">Rampa-Camacha-Encerramento-Estradas-2022<\/a><a href=\"https:\/\/www.accs.pt\/accs\/wp-content\/uploads\/2022\/03\/Rampa-Camacha-Encerramento-Estradas-2022.pdf\" class=\"wp-block-file__button\" download aria-describedby=\"wp-block-file--media-856f855e-922c-47a6-b504-943c11238178\">Descarregar<\/a><\/div>\n\n\n\n<p>Esta Informa\u00e7\u00e3o j\u00e1 est\u00e1 presente no site da FPAK.<\/p>\n\n\n\n<p><a href=\"https:\/\/www.fpak.pt\/calendario\/2022-03-18-rampa-regional-da-camacha-i-c-publicidade \">https:\/\/www.fpak.pt\/calendario\/2022-03-18-rampa-regional-da-camacha-i-c-publicidade <\/a><\/p>\n","protected":false},"excerpt":{"rendered":"<div class=\"slide-text-bg2\">\n<h3>A IV Rampa da Camacha, segunda prova do Trof\u00e9u da AMAK de 2022, ir\u00e1 ocorrer nos dias 18 e 19<\/h3>\n<\/div>\n<div class=\"flex-btn-div\"><a href=\"https:\/\/www.accs.pt\/accs\/iv-rampa-da-camacha-ic-publicidade\/\" class=\"btn1 flex-btn\">Ler mais<\/a><\/div>\n","protected":false},"author":1,"featured_media":0,"parent":0,"menu_order":0,"comment_status":"closed","ping_status":"closed","template":"","meta":{"footnotes":""},"class_list":["post-1045","page","type-page","status-publish","hentry"],"_links":{"self":[{"href":"https:\/\/www.accs.pt\/accs\/wp-json\/wp\/v2\/pages\/1045","targetHints":{"allow":["GET"]}}],"collection":[{"href":"https:\/\/www.accs.pt\/accs\/wp-json\/wp\/v2\/pages"}],"about":[{"href":"https:\/\/www.accs.pt\/accs\/wp-json\/wp\/v2\/types\/page"}],"author":[{"embeddable":true,"href":"https:\/\/www.accs.pt\/accs\/wp-json\/wp\/v2\/users\/1"}],"replies":[{"embeddable":true,"href":"https:\/\/www.accs.pt\/accs\/wp-json\/wp\/v2\/comments?post=1045"}],"version-history":[{"count":3,"href":"https:\/\/www.accs.pt\/accs\/wp-json\/wp\/v2\/pages\/1045\/revisions"}],"predecessor-version":[{"id":1060,"href":"https:\/\/www.accs.pt\/accs\/wp-json\/wp\/v2\/pages\/1045\/revisions\/1060"}],"wp:attachment":[{"href":"https:\/\/www.accs.pt\/accs\/wp-json\/wp\/v2\/media?parent=1045"}],"curies":[{"name":"wp","href":"https:\/\/api.w.org\/{rel}","templated":true}]}}