{"id":1406,"date":"2024-04-09T09:40:44","date_gmt":"2024-04-09T09:40:44","guid":{"rendered":"https:\/\/www.accs.pt\/accs\/?page_id=1406"},"modified":"2024-04-16T12:46:09","modified_gmt":"2024-04-16T12:46:09","slug":"vi-rampa-da-camacha-ic-publicidade","status":"publish","type":"page","link":"http:\/\/www.accs.pt\/accs\/vi-rampa-da-camacha-ic-publicidade\/","title":{"rendered":"VI Rampa da Camacha &#8211; IC Publicidade"},"content":{"rendered":"\n<figure class=\"wp-block-image size-large\"><img loading=\"lazy\" decoding=\"async\" width=\"1024\" height=\"479\" src=\"https:\/\/www.accs.pt\/accs\/wp-content\/uploads\/2024\/04\/logo_rampa_camacha_2024_transp-1024x479.png\" alt=\"\" class=\"wp-image-1407\" srcset=\"http:\/\/www.accs.pt\/accs\/wp-content\/uploads\/2024\/04\/logo_rampa_camacha_2024_transp-1024x479.png 1024w, http:\/\/www.accs.pt\/accs\/wp-content\/uploads\/2024\/04\/logo_rampa_camacha_2024_transp-300x140.png 300w, http:\/\/www.accs.pt\/accs\/wp-content\/uploads\/2024\/04\/logo_rampa_camacha_2024_transp-768x359.png 768w, http:\/\/www.accs.pt\/accs\/wp-content\/uploads\/2024\/04\/logo_rampa_camacha_2024_transp-1536x718.png 1536w, http:\/\/www.accs.pt\/accs\/wp-content\/uploads\/2024\/04\/logo_rampa_camacha_2024_transp.png 1920w\" sizes=\"auto, (max-width: 1024px) 100vw, 1024px\" \/><\/figure>\n\n\n\n<p>Aqui poder\u00e1 encontrar toda a informa\u00e7\u00e3o sobre a VI Rampa da Camacha:<\/p>\n\n\n\n<p>Em alternativa poder\u00e1 consultar o site da FPAK (<a href=\"https:\/\/fpak.pt\/calendario\/2024-04-19-rampa-regional-da-camacha-ic-publicidade\">https:\/\/fpak.pt\/calendario\/2024-04-19-rampa-regional-da-camacha-ic-publicidade<\/a>)<\/p>\n\n\n<div class=\"wp-block-image\">\n<figure class=\"aligncenter size-large\"><img loading=\"lazy\" decoding=\"async\" width=\"724\" height=\"1024\" src=\"https:\/\/www.accs.pt\/accs\/wp-content\/uploads\/2024\/04\/cartaz_web_rampa_camacha_v3_1_final-724x1024.jpg\" alt=\"\" class=\"wp-image-1414\" srcset=\"http:\/\/www.accs.pt\/accs\/wp-content\/uploads\/2024\/04\/cartaz_web_rampa_camacha_v3_1_final-724x1024.jpg 724w, http:\/\/www.accs.pt\/accs\/wp-content\/uploads\/2024\/04\/cartaz_web_rampa_camacha_v3_1_final-212x300.jpg 212w, http:\/\/www.accs.pt\/accs\/wp-content\/uploads\/2024\/04\/cartaz_web_rampa_camacha_v3_1_final-768x1086.jpg 768w, http:\/\/www.accs.pt\/accs\/wp-content\/uploads\/2024\/04\/cartaz_web_rampa_camacha_v3_1_final.jpg 877w\" sizes=\"auto, (max-width: 724px) 100vw, 724px\" \/><\/figure>\n<\/div>\n\n\n<p>Regulamento da prova:<\/p>\n\n\n\n<div data-wp-interactive=\"core\/file\" class=\"wp-block-file\"><object data-wp-bind--hidden=\"!state.hasPdfPreview\" hidden class=\"wp-block-file__embed\" data=\"https:\/\/www.accs.pt\/accs\/wp-content\/uploads\/2024\/04\/Regulamento-VI-Rampa-da-Camacha_2024-03-20T11h14m10.pdf\" type=\"application\/pdf\" style=\"width:100%;height:600px\" aria-label=\"Incorpora\u00e7\u00e3o de Regulamento-VI-Rampa-da-Camacha_2024-03-20T11h14m10.\"><\/object><a id=\"wp-block-file--media-346f7e10-f9ff-44cd-82ed-fe3e30826c34\" href=\"https:\/\/www.accs.pt\/accs\/wp-content\/uploads\/2024\/04\/Regulamento-VI-Rampa-da-Camacha_2024-03-20T11h14m10.pdf\">Regulamento-VI-Rampa-da-Camacha_2024-03-20T11h14m10<\/a><a href=\"https:\/\/www.accs.pt\/accs\/wp-content\/uploads\/2024\/04\/Regulamento-VI-Rampa-da-Camacha_2024-03-20T11h14m10.pdf\" class=\"wp-block-file__button wp-element-button\" download aria-describedby=\"wp-block-file--media-346f7e10-f9ff-44cd-82ed-fe3e30826c34\">Descarregar<\/a><\/div>\n\n\n<div class=\"wp-block-image\">\n<figure class=\"aligncenter size-large is-resized\"><img loading=\"lazy\" decoding=\"async\" width=\"1024\" height=\"1024\" src=\"https:\/\/www.accs.pt\/accs\/wp-content\/uploads\/2024\/04\/Banner01-1024x1024.jpg\" alt=\"\" class=\"wp-image-1429\" style=\"width:377px;height:auto\" srcset=\"http:\/\/www.accs.pt\/accs\/wp-content\/uploads\/2024\/04\/Banner01-1024x1024.jpg 1024w, http:\/\/www.accs.pt\/accs\/wp-content\/uploads\/2024\/04\/Banner01-300x300.jpg 300w, http:\/\/www.accs.pt\/accs\/wp-content\/uploads\/2024\/04\/Banner01-150x150.jpg 150w, http:\/\/www.accs.pt\/accs\/wp-content\/uploads\/2024\/04\/Banner01-768x768.jpg 768w, http:\/\/www.accs.pt\/accs\/wp-content\/uploads\/2024\/04\/Banner01-1536x1536.jpg 1536w, http:\/\/www.accs.pt\/accs\/wp-content\/uploads\/2024\/04\/Banner01.jpg 1890w\" sizes=\"auto, (max-width: 1024px) 100vw, 1024px\" \/><\/figure>\n<\/div>\n\n\n<p><\/p>\n\n\n\n<p>Informa\u00e7\u00f5es adicionais e pagamentos:<\/p>\n\n\n\n<div data-wp-interactive=\"core\/file\" class=\"wp-block-file\"><object data-wp-bind--hidden=\"!state.hasPdfPreview\" hidden class=\"wp-block-file__embed\" data=\"https:\/\/www.accs.pt\/accs\/wp-content\/uploads\/2024\/04\/RC2024-Informac\u0327o\u0303es-Adicionais-e-Pagamento_2024-04-04T22h25m42.pdf\" type=\"application\/pdf\" style=\"width:100%;height:600px\" aria-label=\"Incorpora\u00e7\u00e3o de RC2024-Informac\u0327o\u0303es-Adicionais-e-Pagamento_2024-04-04T22h25m42.\"><\/object><a id=\"wp-block-file--media-b0963bb7-b664-4974-9aaa-028060165aea\" href=\"https:\/\/www.accs.pt\/accs\/wp-content\/uploads\/2024\/04\/RC2024-Informac\u0327o\u0303es-Adicionais-e-Pagamento_2024-04-04T22h25m42.pdf\">RC2024-Informac\u0327o\u0303es-Adicionais-e-Pagamento_2024-04-04T22h25m42<\/a><a href=\"https:\/\/www.accs.pt\/accs\/wp-content\/uploads\/2024\/04\/RC2024-Informac\u0327o\u0303es-Adicionais-e-Pagamento_2024-04-04T22h25m42.pdf\" class=\"wp-block-file__button wp-element-button\" download aria-describedby=\"wp-block-file--media-b0963bb7-b664-4974-9aaa-028060165aea\">Descarregar<\/a><\/div>\n\n\n<div class=\"wp-block-image\">\n<figure class=\"aligncenter size-large is-resized\"><img loading=\"lazy\" decoding=\"async\" width=\"1024\" height=\"1024\" src=\"https:\/\/www.accs.pt\/accs\/wp-content\/uploads\/2024\/04\/Banner02-1024x1024.jpg\" alt=\"\" class=\"wp-image-1430\" style=\"width:414px;height:auto\" srcset=\"http:\/\/www.accs.pt\/accs\/wp-content\/uploads\/2024\/04\/Banner02-1024x1024.jpg 1024w, http:\/\/www.accs.pt\/accs\/wp-content\/uploads\/2024\/04\/Banner02-300x300.jpg 300w, http:\/\/www.accs.pt\/accs\/wp-content\/uploads\/2024\/04\/Banner02-150x150.jpg 150w, http:\/\/www.accs.pt\/accs\/wp-content\/uploads\/2024\/04\/Banner02-768x768.jpg 768w, http:\/\/www.accs.pt\/accs\/wp-content\/uploads\/2024\/04\/Banner02-1536x1536.jpg 1536w, http:\/\/www.accs.pt\/accs\/wp-content\/uploads\/2024\/04\/Banner02.jpg 1890w\" sizes=\"auto, (max-width: 1024px) 100vw, 1024px\" \/><\/figure>\n<\/div>\n\n\n<p><\/p>\n\n\n\n<p>Programa:<\/p>\n\n\n\n<div data-wp-interactive=\"core\/file\" class=\"wp-block-file\"><object data-wp-bind--hidden=\"!state.hasPdfPreview\" hidden class=\"wp-block-file__embed\" data=\"https:\/\/www.accs.pt\/accs\/wp-content\/uploads\/2024\/04\/Rampa-Camacha-Programa-2024_2024-04-08T12h19m11.pdf\" type=\"application\/pdf\" style=\"width:100%;height:600px\" aria-label=\"Incorpora\u00e7\u00e3o de Rampa-Camacha-Programa-2024_2024-04-08T12h19m11.\"><\/object><a id=\"wp-block-file--media-2f418227-fd8e-436e-a67d-815058081c8b\" href=\"https:\/\/www.accs.pt\/accs\/wp-content\/uploads\/2024\/04\/Rampa-Camacha-Programa-2024_2024-04-08T12h19m11.pdf\">Rampa-Camacha-Programa-2024_2024-04-08T12h19m11<\/a><a href=\"https:\/\/www.accs.pt\/accs\/wp-content\/uploads\/2024\/04\/Rampa-Camacha-Programa-2024_2024-04-08T12h19m11.pdf\" class=\"wp-block-file__button wp-element-button\" download aria-describedby=\"wp-block-file--media-2f418227-fd8e-436e-a67d-815058081c8b\">Descarregar<\/a><\/div>\n\n\n<div class=\"wp-block-image\">\n<figure class=\"aligncenter size-large is-resized\"><img loading=\"lazy\" decoding=\"async\" width=\"1024\" height=\"1024\" src=\"https:\/\/www.accs.pt\/accs\/wp-content\/uploads\/2024\/04\/Banner03-1024x1024.jpg\" alt=\"\" class=\"wp-image-1431\" style=\"width:416px;height:auto\" srcset=\"http:\/\/www.accs.pt\/accs\/wp-content\/uploads\/2024\/04\/Banner03-1024x1024.jpg 1024w, http:\/\/www.accs.pt\/accs\/wp-content\/uploads\/2024\/04\/Banner03-300x300.jpg 300w, http:\/\/www.accs.pt\/accs\/wp-content\/uploads\/2024\/04\/Banner03-150x150.jpg 150w, http:\/\/www.accs.pt\/accs\/wp-content\/uploads\/2024\/04\/Banner03-768x768.jpg 768w, http:\/\/www.accs.pt\/accs\/wp-content\/uploads\/2024\/04\/Banner03-1536x1536.jpg 1536w, http:\/\/www.accs.pt\/accs\/wp-content\/uploads\/2024\/04\/Banner03.jpg 1890w\" sizes=\"auto, (max-width: 1024px) 100vw, 1024px\" \/><\/figure>\n<\/div>\n\n\n<p>Lista Inscritos VI Rampa da Camacha<\/p>\n\n\n\n<div data-wp-interactive=\"core\/file\" class=\"wp-block-file aligncenter\"><object data-wp-bind--hidden=\"!state.hasPdfPreview\" hidden class=\"wp-block-file__embed\" data=\"https:\/\/www.accs.pt\/accs\/wp-content\/uploads\/2024\/04\/inscritos_rampa_camacha.pdf\" type=\"application\/pdf\" style=\"width:100%;height:600px\" aria-label=\"Incorpora\u00e7\u00e3o de inscritos_rampa_camacha.\"><\/object><a id=\"wp-block-file--media-3bcc0d2d-4b74-4604-a6e0-c8b6139af590\" href=\"https:\/\/www.accs.pt\/accs\/wp-content\/uploads\/2024\/04\/inscritos_rampa_camacha.pdf\">inscritos_rampa_camacha<\/a><a href=\"https:\/\/www.accs.pt\/accs\/wp-content\/uploads\/2024\/04\/inscritos_rampa_camacha.pdf\" class=\"wp-block-file__button wp-element-button\" download aria-describedby=\"wp-block-file--media-3bcc0d2d-4b74-4604-a6e0-c8b6139af590\">Descarregar<\/a><\/div>\n\n\n<div class=\"wp-block-image\">\n<figure class=\"aligncenter size-large is-resized\"><img loading=\"lazy\" decoding=\"async\" width=\"1024\" height=\"1024\" src=\"https:\/\/www.accs.pt\/accs\/wp-content\/uploads\/2024\/04\/Banner04-1024x1024.jpg\" alt=\"\" class=\"wp-image-1432\" style=\"width:416px;height:auto\" srcset=\"http:\/\/www.accs.pt\/accs\/wp-content\/uploads\/2024\/04\/Banner04-1024x1024.jpg 1024w, http:\/\/www.accs.pt\/accs\/wp-content\/uploads\/2024\/04\/Banner04-300x300.jpg 300w, http:\/\/www.accs.pt\/accs\/wp-content\/uploads\/2024\/04\/Banner04-150x150.jpg 150w, http:\/\/www.accs.pt\/accs\/wp-content\/uploads\/2024\/04\/Banner04-768x768.jpg 768w, http:\/\/www.accs.pt\/accs\/wp-content\/uploads\/2024\/04\/Banner04-1536x1536.jpg 1536w, http:\/\/www.accs.pt\/accs\/wp-content\/uploads\/2024\/04\/Banner04.jpg 1890w\" sizes=\"auto, (max-width: 1024px) 100vw, 1024px\" \/><\/figure>\n<\/div>\n\n\n<p>Pedido para Acredita\u00e7\u00e3o de Imprensa:<\/p>\n\n\n\n<div class=\"wp-block-file\"><a id=\"wp-block-file--media-5c3aa0bb-d48d-4ca4-b5fc-bbe200d2e5e1\" href=\"https:\/\/www.accs.pt\/accs\/wp-content\/uploads\/2024\/04\/Ficha-de-Acreditacao-Rampa-da-Camacha-2024.docx\">Ficha-de-Acreditacao-Rampa-da-Camacha-2024<\/a><a href=\"https:\/\/www.accs.pt\/accs\/wp-content\/uploads\/2024\/04\/Ficha-de-Acreditacao-Rampa-da-Camacha-2024.docx\" class=\"wp-block-file__button wp-element-button\" download aria-describedby=\"wp-block-file--media-5c3aa0bb-d48d-4ca4-b5fc-bbe200d2e5e1\">Descarregar<\/a><\/div>\n\n\n<div class=\"wp-block-image\">\n<figure class=\"aligncenter size-large is-resized\"><img loading=\"lazy\" decoding=\"async\" width=\"1024\" height=\"1024\" src=\"https:\/\/www.accs.pt\/accs\/wp-content\/uploads\/2024\/04\/Banner05-1024x1024.jpg\" alt=\"\" class=\"wp-image-1433\" style=\"width:418px;height:auto\" srcset=\"http:\/\/www.accs.pt\/accs\/wp-content\/uploads\/2024\/04\/Banner05-1024x1024.jpg 1024w, http:\/\/www.accs.pt\/accs\/wp-content\/uploads\/2024\/04\/Banner05-300x300.jpg 300w, http:\/\/www.accs.pt\/accs\/wp-content\/uploads\/2024\/04\/Banner05-150x150.jpg 150w, http:\/\/www.accs.pt\/accs\/wp-content\/uploads\/2024\/04\/Banner05-768x768.jpg 768w, http:\/\/www.accs.pt\/accs\/wp-content\/uploads\/2024\/04\/Banner05-1536x1536.jpg 1536w, http:\/\/www.accs.pt\/accs\/wp-content\/uploads\/2024\/04\/Banner05.jpg 1890w\" sizes=\"auto, (max-width: 1024px) 100vw, 1024px\" \/><\/figure>\n<\/div>\n\n\n<p>Encerramento Estradas:<\/p>\n\n\n\n<div data-wp-interactive=\"core\/file\" class=\"wp-block-file\"><object data-wp-bind--hidden=\"!state.hasPdfPreview\" hidden class=\"wp-block-file__embed\" data=\"https:\/\/www.accs.pt\/accs\/wp-content\/uploads\/2024\/04\/Encerramento_estradas.pdf\" type=\"application\/pdf\" style=\"width:100%;height:600px\" aria-label=\"Incorpora\u00e7\u00e3o de Encerramento_estradas.\"><\/object><a id=\"wp-block-file--media-28551cfc-ba03-428d-a2af-dce702ceb2d7\" href=\"https:\/\/www.accs.pt\/accs\/wp-content\/uploads\/2024\/04\/Encerramento_estradas.pdf\">Encerramento_estradas<\/a><a href=\"https:\/\/www.accs.pt\/accs\/wp-content\/uploads\/2024\/04\/Encerramento_estradas.pdf\" class=\"wp-block-file__button wp-element-button\" download aria-describedby=\"wp-block-file--media-28551cfc-ba03-428d-a2af-dce702ceb2d7\">Descarregar<\/a><\/div>\n\n\n<div class=\"wp-block-image\">\n<figure class=\"aligncenter size-large is-resized\"><img loading=\"lazy\" decoding=\"async\" width=\"1024\" height=\"1024\" src=\"https:\/\/www.accs.pt\/accs\/wp-content\/uploads\/2024\/04\/Banner06-1024x1024.jpg\" alt=\"\" class=\"wp-image-1434\" style=\"width:418px;height:auto\" srcset=\"http:\/\/www.accs.pt\/accs\/wp-content\/uploads\/2024\/04\/Banner06-1024x1024.jpg 1024w, http:\/\/www.accs.pt\/accs\/wp-content\/uploads\/2024\/04\/Banner06-300x300.jpg 300w, http:\/\/www.accs.pt\/accs\/wp-content\/uploads\/2024\/04\/Banner06-150x150.jpg 150w, http:\/\/www.accs.pt\/accs\/wp-content\/uploads\/2024\/04\/Banner06-768x768.jpg 768w, http:\/\/www.accs.pt\/accs\/wp-content\/uploads\/2024\/04\/Banner06-1536x1536.jpg 1536w, http:\/\/www.accs.pt\/accs\/wp-content\/uploads\/2024\/04\/Banner06.jpg 1890w\" sizes=\"auto, (max-width: 1024px) 100vw, 1024px\" \/><\/figure>\n<\/div>\n\n\n<p>Prova Espet\u00e1culo &#8211; 19 Abril \u00e0s 21h00<\/p>\n\n\n<div class=\"wp-block-image\">\n<figure class=\"aligncenter size-large\"><img loading=\"lazy\" decoding=\"async\" width=\"1024\" height=\"529\" src=\"https:\/\/www.accs.pt\/accs\/wp-content\/uploads\/2024\/04\/Prova_espetaculo_rampa_camacha-1024x529.jpg\" alt=\"\" class=\"wp-image-1438\" srcset=\"http:\/\/www.accs.pt\/accs\/wp-content\/uploads\/2024\/04\/Prova_espetaculo_rampa_camacha-1024x529.jpg 1024w, http:\/\/www.accs.pt\/accs\/wp-content\/uploads\/2024\/04\/Prova_espetaculo_rampa_camacha-300x155.jpg 300w, http:\/\/www.accs.pt\/accs\/wp-content\/uploads\/2024\/04\/Prova_espetaculo_rampa_camacha-768x396.jpg 768w, http:\/\/www.accs.pt\/accs\/wp-content\/uploads\/2024\/04\/Prova_espetaculo_rampa_camacha-1536x793.jpg 1536w, http:\/\/www.accs.pt\/accs\/wp-content\/uploads\/2024\/04\/Prova_espetaculo_rampa_camacha.jpg 1600w\" sizes=\"auto, (max-width: 1024px) 100vw, 1024px\" \/><\/figure>\n<\/div>\n\n<div class=\"wp-block-image\">\n<figure class=\"aligncenter size-large is-resized\"><img loading=\"lazy\" decoding=\"async\" width=\"1024\" height=\"1024\" src=\"https:\/\/www.accs.pt\/accs\/wp-content\/uploads\/2024\/04\/Banner07-1024x1024.jpg\" alt=\"\" class=\"wp-image-1435\" style=\"width:419px;height:auto\" srcset=\"http:\/\/www.accs.pt\/accs\/wp-content\/uploads\/2024\/04\/Banner07-1024x1024.jpg 1024w, http:\/\/www.accs.pt\/accs\/wp-content\/uploads\/2024\/04\/Banner07-300x300.jpg 300w, http:\/\/www.accs.pt\/accs\/wp-content\/uploads\/2024\/04\/Banner07-150x150.jpg 150w, http:\/\/www.accs.pt\/accs\/wp-content\/uploads\/2024\/04\/Banner07-768x768.jpg 768w, http:\/\/www.accs.pt\/accs\/wp-content\/uploads\/2024\/04\/Banner07-1536x1536.jpg 1536w, http:\/\/www.accs.pt\/accs\/wp-content\/uploads\/2024\/04\/Banner07.jpg 1890w\" sizes=\"auto, (max-width: 1024px) 100vw, 1024px\" \/><\/figure>\n<\/div>","protected":false},"excerpt":{"rendered":"<div class=\"slide-text-bg2\">\n<h3>Aqui poder\u00e1 encontrar toda a informa\u00e7\u00e3o sobre a VI Rampa da Camacha: Em alternativa poder\u00e1 consultar o site da FPAK<\/h3>\n<\/div>\n<div class=\"flex-btn-div\"><a href=\"http:\/\/www.accs.pt\/accs\/vi-rampa-da-camacha-ic-publicidade\/\" class=\"btn1 flex-btn\">Ler mais<\/a><\/div>\n","protected":false},"author":1,"featured_media":1407,"parent":0,"menu_order":0,"comment_status":"closed","ping_status":"closed","template":"","meta":{"footnotes":""},"class_list":["post-1406","page","type-page","status-publish","has-post-thumbnail","hentry"],"_links":{"self":[{"href":"http:\/\/www.accs.pt\/accs\/wp-json\/wp\/v2\/pages\/1406","targetHints":{"allow":["GET"]}}],"collection":[{"href":"http:\/\/www.accs.pt\/accs\/wp-json\/wp\/v2\/pages"}],"about":[{"href":"http:\/\/www.accs.pt\/accs\/wp-json\/wp\/v2\/types\/page"}],"author":[{"embeddable":true,"href":"http:\/\/www.accs.pt\/accs\/wp-json\/wp\/v2\/users\/1"}],"replies":[{"embeddable":true,"href":"http:\/\/www.accs.pt\/accs\/wp-json\/wp\/v2\/comments?post=1406"}],"version-history":[{"count":8,"href":"http:\/\/www.accs.pt\/accs\/wp-json\/wp\/v2\/pages\/1406\/revisions"}],"predecessor-version":[{"id":1440,"href":"http:\/\/www.accs.pt\/accs\/wp-json\/wp\/v2\/pages\/1406\/revisions\/1440"}],"wp:featuredmedia":[{"embeddable":true,"href":"http:\/\/www.accs.pt\/accs\/wp-json\/wp\/v2\/media\/1407"}],"wp:attachment":[{"href":"http:\/\/www.accs.pt\/accs\/wp-json\/wp\/v2\/media?parent=1406"}],"curies":[{"name":"wp","href":"https:\/\/api.w.org\/{rel}","templated":true}]}}